{"id":3407,"date":"2022-10-26T16:22:23","date_gmt":"2022-10-26T21:22:23","guid":{"rendered":"https:\/\/studio40shop.com.mx\/?post_type=product&#038;p=3407"},"modified":"2022-10-26T16:23:49","modified_gmt":"2022-10-26T21:23:49","slug":"feelworld-monitor-hd-v2-5-5-4k-fw568","status":"publish","type":"product","link":"https:\/\/studio40shop.com.mx\/?product=feelworld-monitor-hd-v2-5-5-4k-fw568","title":{"rendered":"Feelworld Monitor HD V2 5.5 4K FW568"},"content":{"rendered":"<p>El Monitor HD V2 5.5&#8243; de la marca Feelworld es compatible con la salida y entrada HDMI 4K y adem\u00e1s usa el estandar de color Rec. 709 con una calibraci\u00f3n de color para tener una mejor reproducci\u00f3n precisa de color y una visualizaci\u00f3n de im\u00e1genes v\u00edvidas. Incluye la monitorizaci\u00f3n de la forma de onda y tiene una compatibilidad con hasta 32 LUTs 3D personalizadas.<\/p>\n<p>El monitor cuenta con dos roscas de 1\/4&#8243;-20, ya que es ideal para conectar el brazo inclinable que viene incluido, adem\u00e1s brinda una montura de zapata fria para poder a\u00f1adir un micr\u00f3fono de ca\u00f1\u00f3n o una luz Led por medio de la configuraci\u00f3n de \u201ccorrer y disparar\u201d, tiene un contraste de 1000:1 e incluye una placa de bater\u00eda de la serie L en el panel trasero.<\/p>\n<p>Gracias a su sistema operativo cuenta con herramientas para tener el encuadre, el enfoque y la exposici\u00f3n, as\u00ed como tambi\u00e9n con los modos de giro de la imagen, el zoom y anam\u00f3rfico. Con la salida de 8.4 VDC ayuda a distribuir energ\u00eda adicional a tu c\u00e1mara DSLR o mirrorless para poder ampliar el tiempo del funcionamiento en el campo.<\/p>\n<p>&nbsp;<\/p>\n<p>Pantalla de 5.5&#8243; 1920 x 1152<br \/>\nHasta 32 LUTs 3D personalizadas<br \/>\nEntrada y salida HDMI 4K<br \/>\nAmplio \u00e1ngulo de visi\u00f3n de 160\u00ba<br \/>\nContraste de 1000:1, brillo de 500 cd\/m\u00b2<br \/>\nDos roscas de montaje de 1\/4&#8243;-20<br \/>\nBrazo basculante con montaje de zapata fr\u00eda<br \/>\nPlaca de bater\u00eda de la serie L<br \/>\nSalida de 8.4 VDC para alimentar la c\u00e1mara<br \/>\nParasol y cable Micro-HDMI incluidos<\/p>\n","protected":false},"excerpt":{"rendered":"<p>Con el Monitor HD V2 5.5&#8243; 4K de la marca Feelworld es posible tener una mejor experiencia de visualizaci\u00f3n en la c\u00e1mara mientras se graba en el campo con un monitor HD actualizado, un monitor IPS peque\u00f1o de 5.5&#8243; que est\u00e1 equipado con 500 cd\/m\u00b2 de brillo y una gran variedad de funciones de asistencia de video.<\/p>\n","protected":false},"featured_media":3408,"comment_status":"open","ping_status":"closed","template":"","meta":{"site-sidebar-layout":"default","site-content-layout":"default","ast-site-content-layout":"default","site-content-style":"default","site-sidebar-style":"default","ast-global-header-display":"","ast-banner-title-visibility":"","ast-main-header-display":"","ast-hfb-above-header-display":"","ast-hfb-below-header-display":"","ast-hfb-mobile-header-display":"","site-post-title":"","ast-breadcrumbs-content":"","ast-featured-img":"","footer-sml-layout":"","ast-disable-related-posts":"","theme-transparent-header-meta":"default","adv-header-id-meta":"","stick-header-meta":"","header-above-stick-meta":"","header-main-stick-meta":"","header-below-stick-meta":"","astra-migrate-meta-layouts":"default","ast-page-background-enabled":"default","ast-page-background-meta":{"desktop":{"background-color":"var(--ast-global-color-4)","background-image":"","background-repeat":"repeat","background-position":"center center","background-size":"auto","background-attachment":"scroll","background-type":"","background-media":"","overlay-type":"","overlay-color":"","overlay-opacity":"","overlay-gradient":""},"tablet":{"background-color":"","background-image":"","background-repeat":"repeat","background-position":"center center","background-size":"auto","background-attachment":"scroll","background-type":"","background-media":"","overlay-type":"","overlay-color":"","overlay-opacity":"","overlay-gradient":""},"mobile":{"background-color":"","background-image":"","background-repeat":"repeat","background-position":"center center","background-size":"auto","background-attachment":"scroll","background-type":"","background-media":"","overlay-type":"","overlay-color":"","overlay-opacity":"","overlay-gradient":""}},"ast-content-background-meta":{"desktop":{"background-color":"var(--ast-global-color-5)","background-image":"","background-repeat":"repeat","background-position":"center center","background-size":"auto","background-attachment":"scroll","background-type":"","background-media":"","overlay-type":"","overlay-color":"","overlay-opacity":"","overlay-gradient":""},"tablet":{"background-color":"var(--ast-global-color-5)","background-image":"","background-repeat":"repeat","background-position":"center center","background-size":"auto","background-attachment":"scroll","background-type":"","background-media":"","overlay-type":"","overlay-color":"","overlay-opacity":"","overlay-gradient":""},"mobile":{"background-color":"var(--ast-global-color-5)","background-image":"","background-repeat":"repeat","background-position":"center center","background-size":"auto","background-attachment":"scroll","background-type":"","background-media":"","overlay-type":"","overlay-color":"","overlay-opacity":"","overlay-gradient":""}},"_themeisle_gutenberg_block_has_review":false},"product_brand":[],"product_cat":[92,78],"product_tag":[575,576,577],"class_list":{"0":"post-3407","1":"product","2":"type-product","3":"status-publish","4":"has-post-thumbnail","6":"product_cat-switchers-y-accesorios-para-cctv","7":"product_cat-video","8":"product_tag-feelworld","9":"product_tag-monitor-de-video","10":"product_tag-monitor-feelworld","11":"desktop-align-center","12":"tablet-align-left","13":"mobile-align-left","15":"first","16":"instock","17":"purchasable","18":"product-type-simple"},"aioseo_notices":[],"jetpack_sharing_enabled":true,"_links":{"self":[{"href":"https:\/\/studio40shop.com.mx\/index.php?rest_route=\/wp\/v2\/product\/3407","targetHints":{"allow":["GET"]}}],"collection":[{"href":"https:\/\/studio40shop.com.mx\/index.php?rest_route=\/wp\/v2\/product"}],"about":[{"href":"https:\/\/studio40shop.com.mx\/index.php?rest_route=\/wp\/v2\/types\/product"}],"replies":[{"embeddable":true,"href":"https:\/\/studio40shop.com.mx\/index.php?rest_route=%2Fwp%2Fv2%2Fcomments&post=3407"}],"wp:featuredmedia":[{"embeddable":true,"href":"https:\/\/studio40shop.com.mx\/index.php?rest_route=\/wp\/v2\/media\/3408"}],"wp:attachment":[{"href":"https:\/\/studio40shop.com.mx\/index.php?rest_route=%2Fwp%2Fv2%2Fmedia&parent=3407"}],"wp:term":[{"taxonomy":"product_brand","embeddable":true,"href":"https:\/\/studio40shop.com.mx\/index.php?rest_route=%2Fwp%2Fv2%2Fproduct_brand&post=3407"},{"taxonomy":"product_cat","embeddable":true,"href":"https:\/\/studio40shop.com.mx\/index.php?rest_route=%2Fwp%2Fv2%2Fproduct_cat&post=3407"},{"taxonomy":"product_tag","embeddable":true,"href":"https:\/\/studio40shop.com.mx\/index.php?rest_route=%2Fwp%2Fv2%2Fproduct_tag&post=3407"}],"curies":[{"name":"wp","href":"https:\/\/api.w.org\/{rel}","templated":true}]}}