{"id":3424,"date":"2022-10-26T16:35:28","date_gmt":"2022-10-26T21:35:28","guid":{"rendered":"https:\/\/studio40shop.com.mx\/?post_type=product&#038;p=3424"},"modified":"2022-10-26T16:35:29","modified_gmt":"2022-10-26T21:35:29","slug":"feelworld-monitor-fw279-de-7-4k","status":"publish","type":"product","link":"https:\/\/studio40shop.com.mx\/?product=feelworld-monitor-fw279-de-7-4k","title":{"rendered":"Feelworld Monitor FW279 De 7&#8221; 4k"},"content":{"rendered":"<p>La pantalla LCD proporciona una buena visualizaci\u00f3n fuera del eje, lo que le permite ver la imagen sin estar directamente frente al monitor y sin experimentar colores o contraste distorsionados<\/p>\n<p>En el borde lateral del monitor encontrar\u00e1 las conexiones de entrada y salida HDMI en bucle, mientras que los auriculares y la entrada de alimentaci\u00f3n de CC externa residen en el borde opuesto.<\/p>\n<p>La parte posterior del monitor aloja la placa de bater\u00eda de la serie L incluida, as\u00ed como la placa compatible con VESA 75 Tornillos de montaje<\/p>\n<p>El monitor guardar\u00e1 autom\u00e1ticamente los par\u00e1metros configurados previamente y mantendr\u00e1 la configuraci\u00f3n original cuando lo encienda la pr\u00f3xima vez.<\/p>\n<p>Caracter\u00edsticas clave<\/p>\n<p>1920 x 1200 de alta resoluci\u00f3n<br \/>\nAlto contraste de 1200: 1<br \/>\n2200 cd \/ m\u00b2 ultrabrillantes<br \/>\nPanel IPS de \u00e1ngulo de visi\u00f3n amplio de 160 \u00b0<br \/>\nDise\u00f1o ultrafino<br \/>\nHistograma<br \/>\nAsistente de enfoque de pico (resaltado rojo, verde o azul sobre partes de la imagen enfocadas)<br \/>\nColor falso<br \/>\nExposici\u00f3n a cebra<br \/>\nNueve cuadr\u00edculas<br \/>\nAudio integrado<br \/>\nModo de escaneo (sub-escaneo, sobre-escaneo)<br \/>\nZoom (4x, 9x, 16x)<br \/>\nModo anam\u00f3rfico (1.3x, 2.0x, 2.0x mag)<br \/>\nP\u00edxel a p\u00edxel<br \/>\nMarcador central<br \/>\n\u00c1rea segura (80%, 85%, 90%, 93%, 96%, 2,35: 1)<br \/>\nMarcador de proporci\u00f3n (4: 3, 13: 9, 14: 9, 15: 9, 16: 9, 1,85: 1, 2,35: 1)<br \/>\nColor del marcador (rojo, verde, azul, blanco, negro)<br \/>\nCampo de verificaci\u00f3n (rojo, verde, azul, mono)<br \/>\nVolteo de imagen (H, V, H \/ V)<br \/>\nCongelaci\u00f3n de imagen<br \/>\nZoom todo<br \/>\nZoom U \/ D y L \/ R<br \/>\nAjuste de temperatura de color<\/p>\n","protected":false},"excerpt":{"rendered":"<p>Con el Monitor FW279 De 7&#8221; 4k Feelworld de HDMI est\u00e1 a la altura de la tarea de mostrar video SD, HD, UHD y DCI 4K.<\/p>\n","protected":false},"featured_media":3425,"comment_status":"open","ping_status":"closed","template":"","meta":{"site-sidebar-layout":"default","site-content-layout":"default","ast-site-content-layout":"default","site-content-style":"default","site-sidebar-style":"default","ast-global-header-display":"","ast-banner-title-visibility":"","ast-main-header-display":"","ast-hfb-above-header-display":"","ast-hfb-below-header-display":"","ast-hfb-mobile-header-display":"","site-post-title":"","ast-breadcrumbs-content":"","ast-featured-img":"","footer-sml-layout":"","ast-disable-related-posts":"","theme-transparent-header-meta":"default","adv-header-id-meta":"","stick-header-meta":"","header-above-stick-meta":"","header-main-stick-meta":"","header-below-stick-meta":"","astra-migrate-meta-layouts":"default","ast-page-background-enabled":"default","ast-page-background-meta":{"desktop":{"background-color":"var(--ast-global-color-4)","background-image":"","background-repeat":"repeat","background-position":"center center","background-size":"auto","background-attachment":"scroll","background-type":"","background-media":"","overlay-type":"","overlay-color":"","overlay-opacity":"","overlay-gradient":""},"tablet":{"background-color":"","background-image":"","background-repeat":"repeat","background-position":"center center","background-size":"auto","background-attachment":"scroll","background-type":"","background-media":"","overlay-type":"","overlay-color":"","overlay-opacity":"","overlay-gradient":""},"mobile":{"background-color":"","background-image":"","background-repeat":"repeat","background-position":"center center","background-size":"auto","background-attachment":"scroll","background-type":"","background-media":"","overlay-type":"","overlay-color":"","overlay-opacity":"","overlay-gradient":""}},"ast-content-background-meta":{"desktop":{"background-color":"var(--ast-global-color-5)","background-image":"","background-repeat":"repeat","background-position":"center center","background-size":"auto","background-attachment":"scroll","background-type":"","background-media":"","overlay-type":"","overlay-color":"","overlay-opacity":"","overlay-gradient":""},"tablet":{"background-color":"var(--ast-global-color-5)","background-image":"","background-repeat":"repeat","background-position":"center center","background-size":"auto","background-attachment":"scroll","background-type":"","background-media":"","overlay-type":"","overlay-color":"","overlay-opacity":"","overlay-gradient":""},"mobile":{"background-color":"var(--ast-global-color-5)","background-image":"","background-repeat":"repeat","background-position":"center center","background-size":"auto","background-attachment":"scroll","background-type":"","background-media":"","overlay-type":"","overlay-color":"","overlay-opacity":"","overlay-gradient":""}},"_themeisle_gutenberg_block_has_review":false},"product_brand":[],"product_cat":[92,78],"product_tag":[575,577],"class_list":{"0":"post-3424","1":"product","2":"type-product","3":"status-publish","4":"has-post-thumbnail","6":"product_cat-switchers-y-accesorios-para-cctv","7":"product_cat-video","8":"product_tag-feelworld","9":"product_tag-monitor-feelworld","10":"desktop-align-center","11":"tablet-align-left","12":"mobile-align-left","14":"first","15":"instock","16":"purchasable","17":"product-type-simple"},"aioseo_notices":[],"jetpack_sharing_enabled":true,"_links":{"self":[{"href":"https:\/\/studio40shop.com.mx\/index.php?rest_route=\/wp\/v2\/product\/3424","targetHints":{"allow":["GET"]}}],"collection":[{"href":"https:\/\/studio40shop.com.mx\/index.php?rest_route=\/wp\/v2\/product"}],"about":[{"href":"https:\/\/studio40shop.com.mx\/index.php?rest_route=\/wp\/v2\/types\/product"}],"replies":[{"embeddable":true,"href":"https:\/\/studio40shop.com.mx\/index.php?rest_route=%2Fwp%2Fv2%2Fcomments&post=3424"}],"wp:featuredmedia":[{"embeddable":true,"href":"https:\/\/studio40shop.com.mx\/index.php?rest_route=\/wp\/v2\/media\/3425"}],"wp:attachment":[{"href":"https:\/\/studio40shop.com.mx\/index.php?rest_route=%2Fwp%2Fv2%2Fmedia&parent=3424"}],"wp:term":[{"taxonomy":"product_brand","embeddable":true,"href":"https:\/\/studio40shop.com.mx\/index.php?rest_route=%2Fwp%2Fv2%2Fproduct_brand&post=3424"},{"taxonomy":"product_cat","embeddable":true,"href":"https:\/\/studio40shop.com.mx\/index.php?rest_route=%2Fwp%2Fv2%2Fproduct_cat&post=3424"},{"taxonomy":"product_tag","embeddable":true,"href":"https:\/\/studio40shop.com.mx\/index.php?rest_route=%2Fwp%2Fv2%2Fproduct_tag&post=3424"}],"curies":[{"name":"wp","href":"https:\/\/api.w.org\/{rel}","templated":true}]}}