{"id":3431,"date":"2022-10-26T16:40:54","date_gmt":"2022-10-26T21:40:54","guid":{"rendered":"https:\/\/studio40shop.com.mx\/?post_type=product&#038;p=3431"},"modified":"2022-10-26T16:44:11","modified_gmt":"2022-10-26T21:44:11","slug":"feelworld-monitor-lut7s-pantalla-tactil-de7-4k","status":"publish","type":"product","link":"https:\/\/studio40shop.com.mx\/?product=feelworld-monitor-lut7s-pantalla-tactil-de7-4k","title":{"rendered":"Feelworld Monitor LUT7S Pantalla Tactil De7&#8221; 4k"},"content":{"rendered":"<p>La pantalla t\u00e1ctil le permite acceder r\u00e1pidamente a su configuraci\u00f3n, y la pantalla LCD IPS proporciona una buena visualizaci\u00f3n fuera del eje, lo que le permite ver la imagen sin estar directamente en frente del monitor y sin experimentar colores o contraste distorsionados.<\/p>\n<p>En el borde lateral del monitor encontrar\u00e1 las conexiones de entrada y salida HDMI, mientras que los auriculares y la entrada de alimentaci\u00f3n de CC externa residen en el borde opuesto.<\/p>\n<p>A lo largo del borde inferior se encuentra el orificio de montaje roscado de 1\/4 &#8220;-20 y los botones de control se encuentran a lo largo del borde superior del monitor. La parte posterior del monitor cuenta con una placa de bater\u00eda dual serie L \/ NP-F970 para proporcionar una gran potencia .<\/p>\n<p>El monitor incorpora una variedad de herramientas de evaluaci\u00f3n de im\u00e1genes que incluyen un histograma, color falso y cebras para verificar la exposici\u00f3n, el pico y la ampliaci\u00f3n para verificar el enfoque, y marcadores para garantizar un encuadre correcto.<\/p>\n<p>Caracter\u00edsticas clave<\/p>\n<p>1920 x 1200 de alta resoluci\u00f3n<br \/>\nAlto contraste de 1200: 1<br \/>\nUltrabrillante 2200 cd \/ m\u00b2<br \/>\nPanel IPS de \u00e1ngulo de visi\u00f3n amplio de 160 \u00b0<br \/>\nHistograma<br \/>\nAsistente de enfoque de pico (resaltado rojo, verde o azul sobre partes de la imagen enfocadas)<br \/>\nColor falso<br \/>\nExposici\u00f3n a cebra<br \/>\nNueve cuadr\u00edculas<br \/>\nAudio integrado<br \/>\nModo de escaneo (sub-escaneo, sobre-escaneo)<br \/>\nZoom (4x, 9x, 16x)<br \/>\nModo anam\u00f3rfico (1.3x, 2x, 2x mag)<br \/>\nP\u00edxel a p\u00edxel<br \/>\nMarcador central<br \/>\n\u00c1rea segura (80, 85, 90, 93, 96%, 2.35: 1)<br \/>\nMarcador de proporci\u00f3n (4: 3, 13: 9, 14: 9, 15: 9, 16: 9, 1,85: 1, 2,35: 1)<br \/>\nColor del marcador (rojo, verde, azul, blanco, negro)<br \/>\nCampo de verificaci\u00f3n (rojo, verde, azul, mono)<br \/>\nVolteo de imagen (H, V, H \/ V)<br \/>\nCongelaci\u00f3n de imagen<br \/>\nAjuste de temperatura de color<br \/>\nCargue LUT 3D personalizados utilizando la ranura para tarjeta SD integrada.<\/p>\n<p>El histograma es una herramienta cuantitativa para comprobar el brillo de la imagen.<br \/>\nLos medidores de nivel de audio proporcionan indicadores num\u00e9ricos y niveles de margen.<br \/>\nEl filtro de picos muestra un resaltado de color en la pantalla donde aparecen bordes afilados.<br \/>\nLa selecci\u00f3n incorporada de no apretar, 1.3x o 2x le permite usar lentes o adaptadores anam\u00f3rficos y ver la imagen sin apretar, incluso si su c\u00e1mara no se comprime en la c\u00e1mara.<\/p>\n","protected":false},"excerpt":{"rendered":"<p>Con el Monitor LUT7S Pantalla Tactil De7&#8221; 4k Feelworld muestra video SD, HD, UHD y DCI 4K. Puede lograr la calibraci\u00f3n del monitor de manera eficiente y obtener reproducciones de color precisas f\u00e1cilmente, mostrando la imagen cuando dispara sin distorsionar el color.<\/p>\n","protected":false},"featured_media":3432,"comment_status":"open","ping_status":"closed","template":"","meta":{"site-sidebar-layout":"default","site-content-layout":"default","ast-site-content-layout":"default","site-content-style":"default","site-sidebar-style":"default","ast-global-header-display":"","ast-banner-title-visibility":"","ast-main-header-display":"","ast-hfb-above-header-display":"","ast-hfb-below-header-display":"","ast-hfb-mobile-header-display":"","site-post-title":"","ast-breadcrumbs-content":"","ast-featured-img":"","footer-sml-layout":"","ast-disable-related-posts":"","theme-transparent-header-meta":"default","adv-header-id-meta":"","stick-header-meta":"","header-above-stick-meta":"","header-main-stick-meta":"","header-below-stick-meta":"","astra-migrate-meta-layouts":"default","ast-page-background-enabled":"default","ast-page-background-meta":{"desktop":{"background-color":"var(--ast-global-color-4)","background-image":"","background-repeat":"repeat","background-position":"center center","background-size":"auto","background-attachment":"scroll","background-type":"","background-media":"","overlay-type":"","overlay-color":"","overlay-opacity":"","overlay-gradient":""},"tablet":{"background-color":"","background-image":"","background-repeat":"repeat","background-position":"center center","background-size":"auto","background-attachment":"scroll","background-type":"","background-media":"","overlay-type":"","overlay-color":"","overlay-opacity":"","overlay-gradient":""},"mobile":{"background-color":"","background-image":"","background-repeat":"repeat","background-position":"center center","background-size":"auto","background-attachment":"scroll","background-type":"","background-media":"","overlay-type":"","overlay-color":"","overlay-opacity":"","overlay-gradient":""}},"ast-content-background-meta":{"desktop":{"background-color":"var(--ast-global-color-5)","background-image":"","background-repeat":"repeat","background-position":"center center","background-size":"auto","background-attachment":"scroll","background-type":"","background-media":"","overlay-type":"","overlay-color":"","overlay-opacity":"","overlay-gradient":""},"tablet":{"background-color":"var(--ast-global-color-5)","background-image":"","background-repeat":"repeat","background-position":"center center","background-size":"auto","background-attachment":"scroll","background-type":"","background-media":"","overlay-type":"","overlay-color":"","overlay-opacity":"","overlay-gradient":""},"mobile":{"background-color":"var(--ast-global-color-5)","background-image":"","background-repeat":"repeat","background-position":"center center","background-size":"auto","background-attachment":"scroll","background-type":"","background-media":"","overlay-type":"","overlay-color":"","overlay-opacity":"","overlay-gradient":""}},"_themeisle_gutenberg_block_has_review":false},"product_brand":[],"product_cat":[121],"product_tag":[575,577],"class_list":{"0":"post-3431","1":"product","2":"type-product","3":"status-publish","4":"has-post-thumbnail","6":"product_cat-sin-categorizar","7":"product_tag-feelworld","8":"product_tag-monitor-feelworld","9":"desktop-align-center","10":"tablet-align-left","11":"mobile-align-left","13":"first","14":"outofstock","15":"purchasable","16":"product-type-simple"},"aioseo_notices":[],"jetpack_sharing_enabled":true,"_links":{"self":[{"href":"https:\/\/studio40shop.com.mx\/index.php?rest_route=\/wp\/v2\/product\/3431","targetHints":{"allow":["GET"]}}],"collection":[{"href":"https:\/\/studio40shop.com.mx\/index.php?rest_route=\/wp\/v2\/product"}],"about":[{"href":"https:\/\/studio40shop.com.mx\/index.php?rest_route=\/wp\/v2\/types\/product"}],"replies":[{"embeddable":true,"href":"https:\/\/studio40shop.com.mx\/index.php?rest_route=%2Fwp%2Fv2%2Fcomments&post=3431"}],"wp:featuredmedia":[{"embeddable":true,"href":"https:\/\/studio40shop.com.mx\/index.php?rest_route=\/wp\/v2\/media\/3432"}],"wp:attachment":[{"href":"https:\/\/studio40shop.com.mx\/index.php?rest_route=%2Fwp%2Fv2%2Fmedia&parent=3431"}],"wp:term":[{"taxonomy":"product_brand","embeddable":true,"href":"https:\/\/studio40shop.com.mx\/index.php?rest_route=%2Fwp%2Fv2%2Fproduct_brand&post=3431"},{"taxonomy":"product_cat","embeddable":true,"href":"https:\/\/studio40shop.com.mx\/index.php?rest_route=%2Fwp%2Fv2%2Fproduct_cat&post=3431"},{"taxonomy":"product_tag","embeddable":true,"href":"https:\/\/studio40shop.com.mx\/index.php?rest_route=%2Fwp%2Fv2%2Fproduct_tag&post=3431"}],"curies":[{"name":"wp","href":"https:\/\/api.w.org\/{rel}","templated":true}]}}