{"id":3437,"date":"2022-10-26T16:49:08","date_gmt":"2022-10-26T21:49:08","guid":{"rendered":"https:\/\/studio40shop.com.mx\/?post_type=product&#038;p=3437"},"modified":"2022-10-26T16:49:08","modified_gmt":"2022-10-26T21:49:08","slug":"seetec-monitor-p133-9hd-broadcast-de-13-3","status":"publish","type":"product","link":"https:\/\/studio40shop.com.mx\/?product=seetec-monitor-p133-9hd-broadcast-de-13-3","title":{"rendered":"Seetec Monitor P133-9HD Broadcast De 13.3&#8221;"},"content":{"rendered":"<p>El panel trasero contiene SDI, HDMI, DVI , las entradas y salidas de componentes y compuestos est\u00e1n disponibles para SDI, HDMI, componentes y compuestos.<\/p>\n<p>Una entrada de audio separada para audio est\u00e9reo anal\u00f3gico est\u00e1 disponible a trav\u00e9s de conexiones RCA. Se puede usar una entrada tally para la integraci\u00f3n de estudio.<\/p>\n<p>Las herramientas de monitoreo profesionales como el pico de enfoque, los marcadores, el monocromo, solo R \/ G \/ B, el mapeo de p\u00edxel a p\u00edxel y el cambio de imagen est\u00e1n integradas para analizar su video y garantizar una imagen adecuada.<\/p>\n<p>Una placa de montaje en V est\u00e1 incorporada en la parte posterior para alimentar en el campo, lejos de una fuente de alimentaci\u00f3n. Si dispara al aire libre, coloque el parasol incluido para un contraste \u00f3ptimo.<\/p>\n<p>Herramientas de monitoreo<\/p>\n<p>Asistente de enfoque de pico (resaltado en rojo sobre partes de la imagen monocrom\u00e1tica en foco)<br \/>\nModos de visualizaci\u00f3n monocrom\u00e1ticos y solo R \/ G \/ B<br \/>\nModo de escala de la c\u00e1mara<br \/>\nMapeo de p\u00edxel a p\u00edxel<br \/>\nRelaci\u00f3n de aspecto y marcadores de t\u00edtulo seguro<br \/>\nCambio de imagen<br \/>\nCongelaci\u00f3n de imagen<\/p>\n","protected":false},"excerpt":{"rendered":"<p>Con el monitor P133-9HD Broadcast De 13.3&#8221; Seetec se puede utilizar para flujos de trabajo HD y SD en estudio, difusi\u00f3n y otras aplicaciones de v\u00eddeo profesionales.<\/p>\n","protected":false},"featured_media":3438,"comment_status":"open","ping_status":"closed","template":"","meta":{"site-sidebar-layout":"default","site-content-layout":"default","ast-site-content-layout":"default","site-content-style":"default","site-sidebar-style":"default","ast-global-header-display":"","ast-banner-title-visibility":"","ast-main-header-display":"","ast-hfb-above-header-display":"","ast-hfb-below-header-display":"","ast-hfb-mobile-header-display":"","site-post-title":"","ast-breadcrumbs-content":"","ast-featured-img":"","footer-sml-layout":"","ast-disable-related-posts":"","theme-transparent-header-meta":"default","adv-header-id-meta":"","stick-header-meta":"","header-above-stick-meta":"","header-main-stick-meta":"","header-below-stick-meta":"","astra-migrate-meta-layouts":"default","ast-page-background-enabled":"default","ast-page-background-meta":{"desktop":{"background-color":"var(--ast-global-color-4)","background-image":"","background-repeat":"repeat","background-position":"center center","background-size":"auto","background-attachment":"scroll","background-type":"","background-media":"","overlay-type":"","overlay-color":"","overlay-opacity":"","overlay-gradient":""},"tablet":{"background-color":"","background-image":"","background-repeat":"repeat","background-position":"center center","background-size":"auto","background-attachment":"scroll","background-type":"","background-media":"","overlay-type":"","overlay-color":"","overlay-opacity":"","overlay-gradient":""},"mobile":{"background-color":"","background-image":"","background-repeat":"repeat","background-position":"center center","background-size":"auto","background-attachment":"scroll","background-type":"","background-media":"","overlay-type":"","overlay-color":"","overlay-opacity":"","overlay-gradient":""}},"ast-content-background-meta":{"desktop":{"background-color":"var(--ast-global-color-5)","background-image":"","background-repeat":"repeat","background-position":"center center","background-size":"auto","background-attachment":"scroll","background-type":"","background-media":"","overlay-type":"","overlay-color":"","overlay-opacity":"","overlay-gradient":""},"tablet":{"background-color":"var(--ast-global-color-5)","background-image":"","background-repeat":"repeat","background-position":"center center","background-size":"auto","background-attachment":"scroll","background-type":"","background-media":"","overlay-type":"","overlay-color":"","overlay-opacity":"","overlay-gradient":""},"mobile":{"background-color":"var(--ast-global-color-5)","background-image":"","background-repeat":"repeat","background-position":"center center","background-size":"auto","background-attachment":"scroll","background-type":"","background-media":"","overlay-type":"","overlay-color":"","overlay-opacity":"","overlay-gradient":""}},"_themeisle_gutenberg_block_has_review":false},"product_brand":[],"product_cat":[92,78],"product_tag":[580,579,578],"class_list":{"0":"post-3437","1":"product","2":"type-product","3":"status-publish","4":"has-post-thumbnail","6":"product_cat-switchers-y-accesorios-para-cctv","7":"product_cat-video","8":"product_tag-monitor-para-switcher","9":"product_tag-monitor-seetec","10":"product_tag-seetec","11":"desktop-align-center","12":"tablet-align-left","13":"mobile-align-left","15":"first","16":"instock","17":"purchasable","18":"product-type-simple"},"aioseo_notices":[],"jetpack_sharing_enabled":true,"_links":{"self":[{"href":"https:\/\/studio40shop.com.mx\/index.php?rest_route=\/wp\/v2\/product\/3437","targetHints":{"allow":["GET"]}}],"collection":[{"href":"https:\/\/studio40shop.com.mx\/index.php?rest_route=\/wp\/v2\/product"}],"about":[{"href":"https:\/\/studio40shop.com.mx\/index.php?rest_route=\/wp\/v2\/types\/product"}],"replies":[{"embeddable":true,"href":"https:\/\/studio40shop.com.mx\/index.php?rest_route=%2Fwp%2Fv2%2Fcomments&post=3437"}],"wp:featuredmedia":[{"embeddable":true,"href":"https:\/\/studio40shop.com.mx\/index.php?rest_route=\/wp\/v2\/media\/3438"}],"wp:attachment":[{"href":"https:\/\/studio40shop.com.mx\/index.php?rest_route=%2Fwp%2Fv2%2Fmedia&parent=3437"}],"wp:term":[{"taxonomy":"product_brand","embeddable":true,"href":"https:\/\/studio40shop.com.mx\/index.php?rest_route=%2Fwp%2Fv2%2Fproduct_brand&post=3437"},{"taxonomy":"product_cat","embeddable":true,"href":"https:\/\/studio40shop.com.mx\/index.php?rest_route=%2Fwp%2Fv2%2Fproduct_cat&post=3437"},{"taxonomy":"product_tag","embeddable":true,"href":"https:\/\/studio40shop.com.mx\/index.php?rest_route=%2Fwp%2Fv2%2Fproduct_tag&post=3437"}],"curies":[{"name":"wp","href":"https:\/\/api.w.org\/{rel}","templated":true}]}}