{"id":3442,"date":"2022-10-26T16:55:44","date_gmt":"2022-10-26T21:55:44","guid":{"rendered":"https:\/\/studio40shop.com.mx\/?post_type=product&#038;p=3442"},"modified":"2022-10-26T16:55:45","modified_gmt":"2022-10-26T21:55:45","slug":"seetec-monitor-atem-156-director-de-15-6","status":"publish","type":"product","link":"https:\/\/studio40shop.com.mx\/?product=seetec-monitor-atem-156-director-de-15-6","title":{"rendered":"Seetec Monitor Atem 156 Director De 15.6&#8221;"},"content":{"rendered":"<p>Contiene funciones de encuadre, como Center Marker, Safety Marker, Grid Marker, para evitar el corte de la pantalla durante el live, para dejar el espacio correcto para otras funciones durante el live.<\/p>\n<p>LCD de 15,6 \u201d, Full HD 1920&#215;1080<br \/>\nEl SEETEC ATEM156 est\u00e1 equipado con un panel LCD IPS de 15,6 pulgadas. El panel LCD IPS en s\u00ed tiene una resoluci\u00f3n de 1920 x 1080, una relaci\u00f3n de contraste de 800: 1 y una luz de fondo LED con un brillo de 250 cd \/ m\u00b2, lo que le brinda una reproducci\u00f3n precisa de video. Combina un amplio \u00e1ngulo de visi\u00f3n de 170 \u00b0 tanto en direcci\u00f3n horizontal como vertical. Se garantiza una f\u00e1cil visualizaci\u00f3n reduciendo los cambios de color debidos al \u00e1ngulo de visi\u00f3n.<\/p>\n<p>Color verdadero . Calibraci\u00f3n de color profesional<br \/>\nUtilice el est\u00e1ndar de color Rec.709 SEETEC utiliza el est\u00e1ndar de color<br \/>\nprofesional Rec.709 HD y utiliza la tecnolog\u00eda de calibraci\u00f3n de color. No distorsione el color, muestre la imagen real cuando grabe el video.<\/p>\n<p>Reproducci\u00f3n precisa del color<br \/>\nEl monitor SEETEC es compatible con los est\u00e1ndares de la UIT y el espacio de color uniforme est\u00e1ndar de video HD Rec.709, tecnolog\u00eda avanzada de procesamiento de im\u00e1genes, para que la imagen se presente claramente, el color sea extremadamente natural, para garantizar una reproducci\u00f3n precisa del color, para reproducir la naturaleza f\u00edsica de la toma , lo que permite a los usuarios evaluar con precisi\u00f3n la calidad de varias se\u00f1ales de v\u00eddeo de entrada.<\/p>\n<p>F\u00e1cil operaci\u00f3n de botones<br \/>\nCuando est\u00e9 ocupado en la escena de la filmaci\u00f3n, debe poder controlar f\u00e1cilmente el equipo, y el ATEM156 puede satisfacer sus necesidades.<br \/>\nEst\u00e1 equipado con un panel de control simple, lo que le permite sentirse c\u00f3modo en el proceso de disparo.<\/p>\n<p>Con 4 botones HDMI separados, puede cambiar la fuente de se\u00f1al HDMI r\u00e1pidamente; con 4 teclas de acceso directo (F1 ~ F4), puede personalizar las funciones de las teclas de acceso directo y llamarlas r\u00e1pidamente.<\/p>\n<p>4 entradas y salidas HDMI 4K \u00a1<br \/>\nConecte hasta 4 c\u00e1maras, consolas de juegos o computadoras!<br \/>\nATEM156 tiene 4 entradas y salidas HDMI 4K, que pueden conectar hasta 4 c\u00e1maras, consolas de juegos, computadoras y otros equipos.<\/p>\n<p>Al mismo tiempo, tambi\u00e9n puede enviar 4 se\u00f1ales HDMI a otros dispositivos, como ATEM Mini o ATEM Mini Pro.<br \/>\nEsto es muy \u00fatil para grabaciones multic\u00e1mara en estudio y en vivo.<\/p>\n<p>Marco de metal de aluminio<br \/>\nEl marco de ATEM156 est\u00e1 hecho de aluminio de grado aeron\u00e1utico extremadamente duradero y liviano, el peso del ATEM156 es tan bajo como 1.57 kg (sin soporte), y este material met\u00e1lico tiene caracter\u00edsticas muy resistentes y duraderas, adecuadas para alta intensidad producci\u00f3n como filmaci\u00f3n m\u00f3vil, filmaci\u00f3n en exteriores o transmisi\u00f3n en vivo.<\/p>\n","protected":false},"excerpt":{"rendered":"<p>Cuenta con funciones de monitorizaci\u00f3n profesionales de acuerdo con las necesidades reales de pre-grabaci\u00f3n y postproducci\u00f3n para ayudarlo a mejorar la eficiencia de la grabaci\u00f3n.<\/p>\n","protected":false},"featured_media":3443,"comment_status":"open","ping_status":"closed","template":"","meta":{"site-sidebar-layout":"default","site-content-layout":"default","ast-site-content-layout":"default","site-content-style":"default","site-sidebar-style":"default","ast-global-header-display":"","ast-banner-title-visibility":"","ast-main-header-display":"","ast-hfb-above-header-display":"","ast-hfb-below-header-display":"","ast-hfb-mobile-header-display":"","site-post-title":"","ast-breadcrumbs-content":"","ast-featured-img":"","footer-sml-layout":"","ast-disable-related-posts":"","theme-transparent-header-meta":"default","adv-header-id-meta":"","stick-header-meta":"","header-above-stick-meta":"","header-main-stick-meta":"","header-below-stick-meta":"","astra-migrate-meta-layouts":"default","ast-page-background-enabled":"default","ast-page-background-meta":{"desktop":{"background-color":"var(--ast-global-color-4)","background-image":"","background-repeat":"repeat","background-position":"center center","background-size":"auto","background-attachment":"scroll","background-type":"","background-media":"","overlay-type":"","overlay-color":"","overlay-opacity":"","overlay-gradient":""},"tablet":{"background-color":"","background-image":"","background-repeat":"repeat","background-position":"center center","background-size":"auto","background-attachment":"scroll","background-type":"","background-media":"","overlay-type":"","overlay-color":"","overlay-opacity":"","overlay-gradient":""},"mobile":{"background-color":"","background-image":"","background-repeat":"repeat","background-position":"center center","background-size":"auto","background-attachment":"scroll","background-type":"","background-media":"","overlay-type":"","overlay-color":"","overlay-opacity":"","overlay-gradient":""}},"ast-content-background-meta":{"desktop":{"background-color":"var(--ast-global-color-5)","background-image":"","background-repeat":"repeat","background-position":"center center","background-size":"auto","background-attachment":"scroll","background-type":"","background-media":"","overlay-type":"","overlay-color":"","overlay-opacity":"","overlay-gradient":""},"tablet":{"background-color":"var(--ast-global-color-5)","background-image":"","background-repeat":"repeat","background-position":"center center","background-size":"auto","background-attachment":"scroll","background-type":"","background-media":"","overlay-type":"","overlay-color":"","overlay-opacity":"","overlay-gradient":""},"mobile":{"background-color":"var(--ast-global-color-5)","background-image":"","background-repeat":"repeat","background-position":"center center","background-size":"auto","background-attachment":"scroll","background-type":"","background-media":"","overlay-type":"","overlay-color":"","overlay-opacity":"","overlay-gradient":""}},"_themeisle_gutenberg_block_has_review":false},"product_brand":[],"product_cat":[92,78],"product_tag":[581,582,580,579],"class_list":{"0":"post-3442","1":"product","2":"type-product","3":"status-publish","4":"has-post-thumbnail","6":"product_cat-switchers-y-accesorios-para-cctv","7":"product_cat-video","8":"product_tag-monitor","9":"product_tag-monitor-cctv","10":"product_tag-monitor-para-switcher","11":"product_tag-monitor-seetec","12":"desktop-align-center","13":"tablet-align-left","14":"mobile-align-left","16":"first","17":"instock","18":"purchasable","19":"product-type-simple"},"aioseo_notices":[],"jetpack_sharing_enabled":true,"_links":{"self":[{"href":"https:\/\/studio40shop.com.mx\/index.php?rest_route=\/wp\/v2\/product\/3442","targetHints":{"allow":["GET"]}}],"collection":[{"href":"https:\/\/studio40shop.com.mx\/index.php?rest_route=\/wp\/v2\/product"}],"about":[{"href":"https:\/\/studio40shop.com.mx\/index.php?rest_route=\/wp\/v2\/types\/product"}],"replies":[{"embeddable":true,"href":"https:\/\/studio40shop.com.mx\/index.php?rest_route=%2Fwp%2Fv2%2Fcomments&post=3442"}],"wp:featuredmedia":[{"embeddable":true,"href":"https:\/\/studio40shop.com.mx\/index.php?rest_route=\/wp\/v2\/media\/3443"}],"wp:attachment":[{"href":"https:\/\/studio40shop.com.mx\/index.php?rest_route=%2Fwp%2Fv2%2Fmedia&parent=3442"}],"wp:term":[{"taxonomy":"product_brand","embeddable":true,"href":"https:\/\/studio40shop.com.mx\/index.php?rest_route=%2Fwp%2Fv2%2Fproduct_brand&post=3442"},{"taxonomy":"product_cat","embeddable":true,"href":"https:\/\/studio40shop.com.mx\/index.php?rest_route=%2Fwp%2Fv2%2Fproduct_cat&post=3442"},{"taxonomy":"product_tag","embeddable":true,"href":"https:\/\/studio40shop.com.mx\/index.php?rest_route=%2Fwp%2Fv2%2Fproduct_tag&post=3442"}],"curies":[{"name":"wp","href":"https:\/\/api.w.org\/{rel}","templated":true}]}}