{"id":3447,"date":"2022-10-26T17:02:05","date_gmt":"2022-10-26T22:02:05","guid":{"rendered":"https:\/\/studio40shop.com.mx\/?post_type=product&#038;p=3447"},"modified":"2022-10-26T17:02:05","modified_gmt":"2022-10-26T22:02:05","slug":"mezclador-de-video-feelworld-livepro-l1-v1","status":"publish","type":"product","link":"https:\/\/studio40shop.com.mx\/?product=mezclador-de-video-feelworld-livepro-l1-v1","title":{"rendered":"Mezclador de Video Feelworld LivePro L1 V1"},"content":{"rendered":"<p>Este Mezclador de Video LivePro L1 V1 de la marca Feelworld se puede alternar entre sus 4 se\u00f1ales con botones y una barra en T mientras que puede emitir PGM por medio de la conexi\u00f3n USB 3.0 para las plataformas y las aplicaciones m\u00e1s conocidas como vMix, YouTube y OBS. Adem\u00e1s podr\u00e1s configurar las c\u00e1maras en varios \u00e1ngulos y puedes cambiar entre los primeros planos y planos generales.<\/p>\n<p>Est\u00e1 dise\u00f1ada especialmente para usarse en muchos tipos de producciones online, as\u00ed como eventos en directo y proyectos de formaci\u00f3n. Gracias a su versi\u00f3n L1 V1 est\u00e1 actualizada respecto a la predecesora L1 y tiene un dise\u00f1o m\u00e1s ligero y compacto para tener una mejor disipaci\u00f3n de calor.<\/p>\n<p>Las dem\u00e1s conexiones tiene un puerto LAN para el control remoto por medio de un software de Windows\/Mac y una salida HDMI, tambi\u00e9n tiene una entrada y salida de audio de 3.5 mm para los micr\u00f3fonos, altavoces, auriculares e interfaz de audio. Cuenta con una pantalla LCD TFT de 2&#8243; que puede ingresar al men\u00fa del sistema y muestra las 4 fuentes. Con el bot\u00f3n SW puedes cambiar de funci\u00f3n, as\u00ed como el modo PiP y su men\u00fa de transiciones.<\/p>\n<p>Tiene un dial cercano que selecciona entre sus 14 transiciones, caja de iris y un barrido a la izquierda. Su velocidad de las transiciones es posible ajustar entre 0.5 y 5 segundos. Su barra en T, con sus m\u00faltiples funciones se puede utilizar para aplicar transiciones y cambiar a la salida de programa.<\/p>\n<p>En la parte superior derecha tiene un dial que ayuda a cambiar la salida HDMI entre una vista previa de 6 canales y la salida de programa y con su dial del lado izquierdo se controla el volumen de PGM. Adem\u00e1s incluye una rosca de 1\/4&#8243;-20 por si necesitas montar el conmutador sobre alg\u00fan equipo. Con el software de control remoto del Live Pro Xpose se puede descargar la aplicaci\u00f3n m\u00f3vil para Android.<\/p>\n<p>&nbsp;<\/p>\n<p>Mini conmutador de 7.5&#8243; de ancho con 1\/4&#8243;-20<br \/>\n4 x entradas HDMI 1080p60 \/ salida PGM<br \/>\nSalida de streaming en directo USB 3.0<br \/>\nPuerto LAN y software de control remoto<br \/>\nAplicaci\u00f3n de control remoto para Android<br \/>\nEntrada y salida de audio de 3.5 mm<br \/>\nPantalla LCD TFT de 2&#8243; de 4 canales y men\u00fa<br \/>\n14 transiciones con tiempo ajustable<br \/>\nVista previa de 6 canales con medidor de audio y PiP<br \/>\nVentilador de disipaci\u00f3n de calor<\/p>\n","protected":false},"excerpt":{"rendered":"<p>Cuenta con 4 fuentes HDMI de 1080p60, podr\u00e1s conectar c\u00e1maras, laptops, sistemas de juegos y computadoras de sobremesa que sean compatibles para extraer diapositivas de PowerPoint, Videoclips y P\u00e1ginas web.<\/p>\n","protected":false},"featured_media":3448,"comment_status":"open","ping_status":"closed","template":"","meta":{"site-sidebar-layout":"default","site-content-layout":"default","ast-site-content-layout":"default","site-content-style":"default","site-sidebar-style":"default","ast-global-header-display":"","ast-banner-title-visibility":"","ast-main-header-display":"","ast-hfb-above-header-display":"","ast-hfb-below-header-display":"","ast-hfb-mobile-header-display":"","site-post-title":"","ast-breadcrumbs-content":"","ast-featured-img":"","footer-sml-layout":"","ast-disable-related-posts":"","theme-transparent-header-meta":"default","adv-header-id-meta":"","stick-header-meta":"","header-above-stick-meta":"","header-main-stick-meta":"","header-below-stick-meta":"","astra-migrate-meta-layouts":"default","ast-page-background-enabled":"default","ast-page-background-meta":{"desktop":{"background-color":"var(--ast-global-color-4)","background-image":"","background-repeat":"repeat","background-position":"center center","background-size":"auto","background-attachment":"scroll","background-type":"","background-media":"","overlay-type":"","overlay-color":"","overlay-opacity":"","overlay-gradient":""},"tablet":{"background-color":"","background-image":"","background-repeat":"repeat","background-position":"center center","background-size":"auto","background-attachment":"scroll","background-type":"","background-media":"","overlay-type":"","overlay-color":"","overlay-opacity":"","overlay-gradient":""},"mobile":{"background-color":"","background-image":"","background-repeat":"repeat","background-position":"center center","background-size":"auto","background-attachment":"scroll","background-type":"","background-media":"","overlay-type":"","overlay-color":"","overlay-opacity":"","overlay-gradient":""}},"ast-content-background-meta":{"desktop":{"background-color":"var(--ast-global-color-5)","background-image":"","background-repeat":"repeat","background-position":"center center","background-size":"auto","background-attachment":"scroll","background-type":"","background-media":"","overlay-type":"","overlay-color":"","overlay-opacity":"","overlay-gradient":""},"tablet":{"background-color":"var(--ast-global-color-5)","background-image":"","background-repeat":"repeat","background-position":"center center","background-size":"auto","background-attachment":"scroll","background-type":"","background-media":"","overlay-type":"","overlay-color":"","overlay-opacity":"","overlay-gradient":""},"mobile":{"background-color":"var(--ast-global-color-5)","background-image":"","background-repeat":"repeat","background-position":"center center","background-size":"auto","background-attachment":"scroll","background-type":"","background-media":"","overlay-type":"","overlay-color":"","overlay-opacity":"","overlay-gradient":""}},"_themeisle_gutenberg_block_has_review":false},"product_brand":[],"product_cat":[92,78],"product_tag":[584,583,586,585],"class_list":{"0":"post-3447","1":"product","2":"type-product","3":"status-publish","4":"has-post-thumbnail","6":"product_cat-switchers-y-accesorios-para-cctv","7":"product_cat-video","8":"product_tag-conmutador","9":"product_tag-switcher","10":"product_tag-switcher-de-video","11":"product_tag-switcher-para-cctv","12":"desktop-align-center","13":"tablet-align-left","14":"mobile-align-left","16":"first","17":"instock","18":"purchasable","19":"product-type-simple"},"aioseo_notices":[],"jetpack_sharing_enabled":true,"_links":{"self":[{"href":"https:\/\/studio40shop.com.mx\/index.php?rest_route=\/wp\/v2\/product\/3447","targetHints":{"allow":["GET"]}}],"collection":[{"href":"https:\/\/studio40shop.com.mx\/index.php?rest_route=\/wp\/v2\/product"}],"about":[{"href":"https:\/\/studio40shop.com.mx\/index.php?rest_route=\/wp\/v2\/types\/product"}],"replies":[{"embeddable":true,"href":"https:\/\/studio40shop.com.mx\/index.php?rest_route=%2Fwp%2Fv2%2Fcomments&post=3447"}],"wp:featuredmedia":[{"embeddable":true,"href":"https:\/\/studio40shop.com.mx\/index.php?rest_route=\/wp\/v2\/media\/3448"}],"wp:attachment":[{"href":"https:\/\/studio40shop.com.mx\/index.php?rest_route=%2Fwp%2Fv2%2Fmedia&parent=3447"}],"wp:term":[{"taxonomy":"product_brand","embeddable":true,"href":"https:\/\/studio40shop.com.mx\/index.php?rest_route=%2Fwp%2Fv2%2Fproduct_brand&post=3447"},{"taxonomy":"product_cat","embeddable":true,"href":"https:\/\/studio40shop.com.mx\/index.php?rest_route=%2Fwp%2Fv2%2Fproduct_cat&post=3447"},{"taxonomy":"product_tag","embeddable":true,"href":"https:\/\/studio40shop.com.mx\/index.php?rest_route=%2Fwp%2Fv2%2Fproduct_tag&post=3447"}],"curies":[{"name":"wp","href":"https:\/\/api.w.org\/{rel}","templated":true}]}}