{"id":3460,"date":"2022-10-26T17:20:58","date_gmt":"2022-10-26T22:20:58","guid":{"rendered":"https:\/\/studio40shop.com.mx\/?post_type=product&#038;p=3460"},"modified":"2022-10-26T17:20:58","modified_gmt":"2022-10-26T22:20:58","slug":"monitor-shinobi-5-4k-hdmi-atomos","status":"publish","type":"product","link":"https:\/\/studio40shop.com.mx\/?product=monitor-shinobi-5-4k-hdmi-atomos","title":{"rendered":"Monitor Shinobi 5&#8243; 4K HDMI Atomos"},"content":{"rendered":"<p>Shinobi cuenta con una bater\u00eda que funciona todo el d\u00eda, una pantalla de alto brillo de 1000 nits, capacidad HDR y funciones avanzadas f\u00e1ciles de usar. Incluso cuenta con un nuevo modo espejo selfie para vloggers.<\/p>\n<p>El monitor Shinobi de \u00c1tomos posee la tecnolog\u00eda de pantalla Atom HDR que permite monitorizar con precisi\u00f3n las secuencias de gamma de registro sin tener que ver im\u00e1genes planas y de aspecto desva\u00eddo o utilizar una LUT para comprimir el rango din\u00e1mico y el espacio de color. Adem\u00e1s de que permite monitorizar hasta diez paradas de rango din\u00e1mico de la imagen LOG de tu c\u00e1mara.<\/p>\n<p>El monitor es compatible con los formatos de registro m\u00e1s habituales de las c\u00e1maras Sony, Canon, Panasonic, ARRI, RED y JVC.<\/p>\n<p>El Shinobi te permite ver tus im\u00e1genes claramente a la luz del d\u00eda en la pantalla de 1000 nit que cuenta con un revestimiento especial AR y tecnolog\u00eda anti huellas. Su elegante y ligero dise\u00f1o est\u00e1 pensado para conseguir la m\u00e1xima eficiencia y, con un peso de tan solo 200 g, es uno de los monitores 4K m\u00e1s ligeros del mercado, que es compatible con casi cualquier configuraci\u00f3n de c\u00e1mara HDMI.<\/p>\n<p>Monitorizaci\u00f3n de audio<\/p>\n<p>Entrada\/salida de audio a trav\u00e9s de HDMI y salida de audio mediante el puerto 3.5 mm de auriculares.<\/p>\n<p>Gesti\u00f3n de la se\u00f1al HDR<\/p>\n<p>Con las funciones de gesti\u00f3n de se\u00f1ales HDR integradas en el Shinobi, la se\u00f1al de registro puede convertirse al est\u00e1ndar PQ para que sea compatible con los equipos HDR profesionales y de consumo existentes.<\/p>\n<p>Desenfoque anam\u00f3rfico<\/p>\n<p>El Shinobi es compatible con la reducci\u00f3n anam\u00f3rfica, lo que te permite ver c\u00f3modamente im\u00e1genes anam\u00f3rficas con una reducci\u00f3n de 2x, 1,5x, 1,33 y 8:3 de Panasonic.<\/p>\n","protected":false},"excerpt":{"rendered":"<p>El Shinobi 4K HDMI de 5\u201d es un monitor de c\u00e1mara de 5 pulgadas que monitorea la entrada de video DCI 4K, UHD 4K y HD. Cuenta con una pantalla IPS FRC de 10 bits con un brillo de 1000 cd\/m\u00b2, haci\u00e9ndolo ideal para su uso tanto en exteriores como en interiores.<\/p>\n","protected":false},"featured_media":3461,"comment_status":"open","ping_status":"closed","template":"","meta":{"site-sidebar-layout":"default","site-content-layout":"default","ast-site-content-layout":"default","site-content-style":"default","site-sidebar-style":"default","ast-global-header-display":"","ast-banner-title-visibility":"","ast-main-header-display":"","ast-hfb-above-header-display":"","ast-hfb-below-header-display":"","ast-hfb-mobile-header-display":"","site-post-title":"","ast-breadcrumbs-content":"","ast-featured-img":"","footer-sml-layout":"","ast-disable-related-posts":"","theme-transparent-header-meta":"default","adv-header-id-meta":"","stick-header-meta":"","header-above-stick-meta":"","header-main-stick-meta":"","header-below-stick-meta":"","astra-migrate-meta-layouts":"default","ast-page-background-enabled":"default","ast-page-background-meta":{"desktop":{"background-color":"var(--ast-global-color-4)","background-image":"","background-repeat":"repeat","background-position":"center center","background-size":"auto","background-attachment":"scroll","background-type":"","background-media":"","overlay-type":"","overlay-color":"","overlay-opacity":"","overlay-gradient":""},"tablet":{"background-color":"","background-image":"","background-repeat":"repeat","background-position":"center center","background-size":"auto","background-attachment":"scroll","background-type":"","background-media":"","overlay-type":"","overlay-color":"","overlay-opacity":"","overlay-gradient":""},"mobile":{"background-color":"","background-image":"","background-repeat":"repeat","background-position":"center center","background-size":"auto","background-attachment":"scroll","background-type":"","background-media":"","overlay-type":"","overlay-color":"","overlay-opacity":"","overlay-gradient":""}},"ast-content-background-meta":{"desktop":{"background-color":"var(--ast-global-color-5)","background-image":"","background-repeat":"repeat","background-position":"center center","background-size":"auto","background-attachment":"scroll","background-type":"","background-media":"","overlay-type":"","overlay-color":"","overlay-opacity":"","overlay-gradient":""},"tablet":{"background-color":"var(--ast-global-color-5)","background-image":"","background-repeat":"repeat","background-position":"center center","background-size":"auto","background-attachment":"scroll","background-type":"","background-media":"","overlay-type":"","overlay-color":"","overlay-opacity":"","overlay-gradient":""},"mobile":{"background-color":"var(--ast-global-color-5)","background-image":"","background-repeat":"repeat","background-position":"center center","background-size":"auto","background-attachment":"scroll","background-type":"","background-media":"","overlay-type":"","overlay-color":"","overlay-opacity":"","overlay-gradient":""}},"_themeisle_gutenberg_block_has_review":false},"product_brand":[],"product_cat":[92,78],"product_tag":[588,590,587,576,589],"class_list":{"0":"post-3460","1":"product","2":"type-product","3":"status-publish","4":"has-post-thumbnail","6":"product_cat-switchers-y-accesorios-para-cctv","7":"product_cat-video","8":"product_tag-atomos","9":"product_tag-atomos-monitor-de-video","10":"product_tag-monitor-atomos","11":"product_tag-monitor-de-video","12":"product_tag-shinobi-monitor","13":"desktop-align-center","14":"tablet-align-left","15":"mobile-align-left","17":"first","18":"instock","19":"purchasable","20":"product-type-simple"},"aioseo_notices":[],"jetpack_sharing_enabled":true,"_links":{"self":[{"href":"https:\/\/studio40shop.com.mx\/index.php?rest_route=\/wp\/v2\/product\/3460","targetHints":{"allow":["GET"]}}],"collection":[{"href":"https:\/\/studio40shop.com.mx\/index.php?rest_route=\/wp\/v2\/product"}],"about":[{"href":"https:\/\/studio40shop.com.mx\/index.php?rest_route=\/wp\/v2\/types\/product"}],"replies":[{"embeddable":true,"href":"https:\/\/studio40shop.com.mx\/index.php?rest_route=%2Fwp%2Fv2%2Fcomments&post=3460"}],"wp:featuredmedia":[{"embeddable":true,"href":"https:\/\/studio40shop.com.mx\/index.php?rest_route=\/wp\/v2\/media\/3461"}],"wp:attachment":[{"href":"https:\/\/studio40shop.com.mx\/index.php?rest_route=%2Fwp%2Fv2%2Fmedia&parent=3460"}],"wp:term":[{"taxonomy":"product_brand","embeddable":true,"href":"https:\/\/studio40shop.com.mx\/index.php?rest_route=%2Fwp%2Fv2%2Fproduct_brand&post=3460"},{"taxonomy":"product_cat","embeddable":true,"href":"https:\/\/studio40shop.com.mx\/index.php?rest_route=%2Fwp%2Fv2%2Fproduct_cat&post=3460"},{"taxonomy":"product_tag","embeddable":true,"href":"https:\/\/studio40shop.com.mx\/index.php?rest_route=%2Fwp%2Fv2%2Fproduct_tag&post=3460"}],"curies":[{"name":"wp","href":"https:\/\/api.w.org\/{rel}","templated":true}]}}