{"id":3466,"date":"2022-10-26T17:29:48","date_gmt":"2022-10-26T22:29:48","guid":{"rendered":"https:\/\/studio40shop.com.mx\/?post_type=product&#038;p=3466"},"modified":"2022-10-26T17:29:49","modified_gmt":"2022-10-26T22:29:49","slug":"monitor-hdmi-sdi-atomos-shinobi-7-4k","status":"publish","type":"product","link":"https:\/\/studio40shop.com.mx\/?product=monitor-hdmi-sdi-atomos-shinobi-7-4k","title":{"rendered":"Monitor HDMI\/SDI Atomos Shinobi 7&#8243; 4K"},"content":{"rendered":"<p>HDR en el campo: la pantalla Shinobi muestra un impresionante rango din\u00e1mico de m\u00e1s de 10 paradas en tiempo real de se\u00f1ales Log\/PQ\/HLG. Combinado con nuestras exclusivas caracter\u00edsticas de monitoreo HDR, el Shinobi 7 simplifica las complejidades de disparo de registro y HDR, lo que te ayuda a reproducir flujos de trabajo posproducci\u00f3n en el momento en que m\u00e1s importa, mientras disparas.<\/p>\n<p>Caja LUT 3D integrada: adem\u00e1s de las conversiones de registro a HDR, tambi\u00e9n puedes utilizar tu propio LUT 3D personalizado para alimentar a otros dispositivos o alimentaci\u00f3n en vivo. Carga hasta ocho LUT personalizados en cualquier momento a trav\u00e9s de la ranura para tarjeta SD y selecciona al instante entre ellos, manteniendo la intenci\u00f3n creativa en todo momento. Cuando se utiliza con el modo selfie, la gran pantalla act\u00faa como un monitor de confianza perfecto que te permite &#8220;hornear&#8221; un LUT a la entrada de tu c\u00e1mara.<\/p>\n<p>Caracter\u00edsticas:<\/p>\n<p>Pantalla visible de 2200 Nits HDR \/ luz diurna<br \/>\nSoporte HDMI 2.0 para 4Kp60, 3G-SDI soporta hasta 2Kp60<br \/>\nConversi\u00f3n cruzada de se\u00f1al HDMI SDI bidireccional<br \/>\nRanuras de bater\u00eda NPF dobles para energ\u00eda continua<br \/>\nSoporte 3D LUT con vista previa y salida de bucle<\/p>\n","protected":false},"excerpt":{"rendered":"<p>Controla tus c\u00e1maras favoritas mediante el uso de la pantalla t\u00e1ctil intuitiva del Shinobi 7, dise\u00f1ado para darte acceso r\u00e1pido a las caracter\u00edsticas de la c\u00e1mara m\u00e1s cruciales.<\/p>\n","protected":false},"featured_media":3467,"comment_status":"open","ping_status":"closed","template":"","meta":{"site-sidebar-layout":"default","site-content-layout":"default","ast-site-content-layout":"default","site-content-style":"default","site-sidebar-style":"default","ast-global-header-display":"","ast-banner-title-visibility":"","ast-main-header-display":"","ast-hfb-above-header-display":"","ast-hfb-below-header-display":"","ast-hfb-mobile-header-display":"","site-post-title":"","ast-breadcrumbs-content":"","ast-featured-img":"","footer-sml-layout":"","ast-disable-related-posts":"","theme-transparent-header-meta":"default","adv-header-id-meta":"","stick-header-meta":"","header-above-stick-meta":"","header-main-stick-meta":"","header-below-stick-meta":"","astra-migrate-meta-layouts":"default","ast-page-background-enabled":"default","ast-page-background-meta":{"desktop":{"background-color":"var(--ast-global-color-4)","background-image":"","background-repeat":"repeat","background-position":"center center","background-size":"auto","background-attachment":"scroll","background-type":"","background-media":"","overlay-type":"","overlay-color":"","overlay-opacity":"","overlay-gradient":""},"tablet":{"background-color":"","background-image":"","background-repeat":"repeat","background-position":"center center","background-size":"auto","background-attachment":"scroll","background-type":"","background-media":"","overlay-type":"","overlay-color":"","overlay-opacity":"","overlay-gradient":""},"mobile":{"background-color":"","background-image":"","background-repeat":"repeat","background-position":"center center","background-size":"auto","background-attachment":"scroll","background-type":"","background-media":"","overlay-type":"","overlay-color":"","overlay-opacity":"","overlay-gradient":""}},"ast-content-background-meta":{"desktop":{"background-color":"var(--ast-global-color-5)","background-image":"","background-repeat":"repeat","background-position":"center center","background-size":"auto","background-attachment":"scroll","background-type":"","background-media":"","overlay-type":"","overlay-color":"","overlay-opacity":"","overlay-gradient":""},"tablet":{"background-color":"var(--ast-global-color-5)","background-image":"","background-repeat":"repeat","background-position":"center center","background-size":"auto","background-attachment":"scroll","background-type":"","background-media":"","overlay-type":"","overlay-color":"","overlay-opacity":"","overlay-gradient":""},"mobile":{"background-color":"var(--ast-global-color-5)","background-image":"","background-repeat":"repeat","background-position":"center center","background-size":"auto","background-attachment":"scroll","background-type":"","background-media":"","overlay-type":"","overlay-color":"","overlay-opacity":"","overlay-gradient":""}},"_themeisle_gutenberg_block_has_review":false},"product_brand":[],"product_cat":[92,78],"product_tag":[588,590,581,587,576],"class_list":{"0":"post-3466","1":"product","2":"type-product","3":"status-publish","4":"has-post-thumbnail","6":"product_cat-switchers-y-accesorios-para-cctv","7":"product_cat-video","8":"product_tag-atomos","9":"product_tag-atomos-monitor-de-video","10":"product_tag-monitor","11":"product_tag-monitor-atomos","12":"product_tag-monitor-de-video","13":"desktop-align-center","14":"tablet-align-left","15":"mobile-align-left","17":"first","18":"instock","19":"purchasable","20":"product-type-simple"},"aioseo_notices":[],"jetpack_sharing_enabled":true,"_links":{"self":[{"href":"https:\/\/studio40shop.com.mx\/index.php?rest_route=\/wp\/v2\/product\/3466","targetHints":{"allow":["GET"]}}],"collection":[{"href":"https:\/\/studio40shop.com.mx\/index.php?rest_route=\/wp\/v2\/product"}],"about":[{"href":"https:\/\/studio40shop.com.mx\/index.php?rest_route=\/wp\/v2\/types\/product"}],"replies":[{"embeddable":true,"href":"https:\/\/studio40shop.com.mx\/index.php?rest_route=%2Fwp%2Fv2%2Fcomments&post=3466"}],"wp:featuredmedia":[{"embeddable":true,"href":"https:\/\/studio40shop.com.mx\/index.php?rest_route=\/wp\/v2\/media\/3467"}],"wp:attachment":[{"href":"https:\/\/studio40shop.com.mx\/index.php?rest_route=%2Fwp%2Fv2%2Fmedia&parent=3466"}],"wp:term":[{"taxonomy":"product_brand","embeddable":true,"href":"https:\/\/studio40shop.com.mx\/index.php?rest_route=%2Fwp%2Fv2%2Fproduct_brand&post=3466"},{"taxonomy":"product_cat","embeddable":true,"href":"https:\/\/studio40shop.com.mx\/index.php?rest_route=%2Fwp%2Fv2%2Fproduct_cat&post=3466"},{"taxonomy":"product_tag","embeddable":true,"href":"https:\/\/studio40shop.com.mx\/index.php?rest_route=%2Fwp%2Fv2%2Fproduct_tag&post=3466"}],"curies":[{"name":"wp","href":"https:\/\/api.w.org\/{rel}","templated":true}]}}