{"id":3474,"date":"2022-10-26T17:40:47","date_gmt":"2022-10-26T22:40:47","guid":{"rendered":"https:\/\/studio40shop.com.mx\/?post_type=product&#038;p=3474"},"modified":"2022-10-26T17:40:48","modified_gmt":"2022-10-26T22:40:48","slug":"monitor-grabador-5-atomos-ninja-v","status":"publish","type":"product","link":"https:\/\/studio40shop.com.mx\/?product=monitor-grabador-5-atomos-ninja-v","title":{"rendered":"Monitor Grabador 5&#8221; Atomos Ninja V"},"content":{"rendered":"<p>Puede monitorear hasta diez paradas de rango din\u00e1mico de la imagen LOG de su c\u00e1mara. La mayor\u00eda de los monitores convencionales solo pueden mostrar seis o siete paradas, lo que est\u00e1 bien para im\u00e1genes est\u00e1ndar; pero una imagen de Log se ver\u00e1 demasiado plana. Tambi\u00e9n es superior a la monitorizaci\u00f3n con una LUT cargada, que puede recortar las luces y enmascarar las sombras.<br \/>\nFormatos de registro admitidos<\/p>\n<p>ARRI Log C<br \/>\nCanon CLog \/ CLog 2<br \/>\nFuji F-Log<br \/>\nJVC JLog<br \/>\nSony SLog2 \/ SLog3<br \/>\nVlog de Panasonic<br \/>\nRojo LogFilm<br \/>\nGrabaci\u00f3n HDR<\/p>\n<p>ARRI Log CEI160 \/ LogCEI200 \/ LogCEI250 \/ LogCEI320 \/ LogCEI400 \/ LogCEI500 \/ LogCEI640 \/ LogCEI800 \/ LogCEI1000 \/ LogCEI1280 \/ LogCEI1600<br \/>\nCanon CLog \/ CLog2 \/ Clog3<br \/>\nFuji F-Log<br \/>\nJVC JLog1<br \/>\nVlog de Panasonic<br \/>\nPQ10k, HLG<br \/>\nRED LogFilm \/ Log3G10 \/ Log3G12<br \/>\nSony SLog \/ SLog2 \/ SLog3<br \/>\nGrabaci\u00f3n Apple ProRes Raw<\/p>\n<p>Grabe Apple ProRes Raw con c\u00e1maras seleccionadas a velocidades de hasta DCI 4K24 o UHD 4K30 y hasta 120 fps en HD; esto permite la captura de ProRes Raw en una forma peque\u00f1a, sin espejo, adecuada para una variedad de aplicaciones. La compatibilidad con c\u00e1maras adicionales se agregar\u00e1 en una actualizaci\u00f3n futura.<br \/>\nMonitoreo HDR<\/p>\n<p>ARRI ALEXA amplia gama<br \/>\nCanon Cinema \/ DCI P3 \/ DCI P3 + \/ BT2020<br \/>\nFuji F-Log<br \/>\nJVC LS300<br \/>\nPanasonic V Gamut<br \/>\nRec. 2100<br \/>\nRec. 709<br \/>\nRED DragonColor \/ DragonColor2 \/ RedColor2 \/ RedColor3 \/ RedColor4 \/ RedWideGamut<br \/>\nSony SGamut \/ SGamut3 \/ SGamut3.cine \/ BT2020<br \/>\nAsignaci\u00f3n de amplia gama de colores (SGamut \/ SGamut3 \/ SGamut3.cine \/ Canon Cinema \/ BT2020 \/ DCI P3 \/ DCI P3 + \/ Panasonic V Gamut \/ ARRI ALEXA Wide Gamut) a Rec. 709 en pantalla.<br \/>\nAsignaci\u00f3n de amplia gama de colores (SGamut \/ SGamut3 \/ SGamut3.cine \/ Canon Cinema \/ BT2020 \/ DCI P3 \/ DCI P3 + \/ Panasonic V Gamut \/ ARRI ALEXA Wide Gamut) a Rec. 709 \/ BT2020 \/ DCI P3 en bucle de salida.<br \/>\nCapacidades 4K 60p<\/p>\n<p>Grabe metraje 4K de alta resoluci\u00f3n en formatos DCI o UHD de hasta 60 fps, incluidos 24 y 25 fps para una est\u00e9tica m\u00e1s cinematogr\u00e1fica. Todas las grabaciones se almacenan como archivos Apple ProRes o Avid DNxHR de alta calidad con submuestreo de croma 4: 2: 2 de 10 bits. Hay una variedad de velocidades de bits disponibles para adaptarse a sus necesidades de almacenamiento y proyecto.<br \/>\nGrabaci\u00f3n SSD<\/p>\n<p>Grabe en unidades SSD est\u00e1ndar de 2.5 &#8220;o en unidades SSDmini AtomX compactas, capturando hasta 150 minutos de video 4K en una unidad de 1TB.<br \/>\nE \/ S de audio<\/p>\n<p>Entrada \/ salida de audio a trav\u00e9s de HDMI o agregue audio externo a trav\u00e9s del puerto de entrada de l\u00ednea \/ entrada de micr\u00f3fono de 3,5 mm; salida de audio mediante el puerto de auriculares de 3,5 mm para un control de audio conveniente.<br \/>\nPantalla visible a la luz del d\u00eda de 5 &#8221;<\/p>\n<p>El Ninja V cuenta con una pantalla LCD IPS de 5 &#8220;que est\u00e1 iluminada por una luz de fondo LED brillante de 1000 cd \/ m\u00b2, lo que permite ver a la luz del d\u00eda sin necesidad de un parasol. Adem\u00e1s, la pantalla tambi\u00e9n est\u00e1 calibrada en color de f\u00e1brica para garantizar una imagen precisa representaci\u00f3n.<br \/>\nGesti\u00f3n de se\u00f1ales HDR<\/p>\n<p>Las se\u00f1ales de registro y HDR pueden ser dif\u00edciles de monitorear con equipos convencionales. Sin embargo, con las funciones de gesti\u00f3n de se\u00f1al HDR integradas del Ninja V, la se\u00f1al de registro se puede convertir al est\u00e1ndar PQ para que sea compatible con los equipos HDR profesionales y de consumo existentes.<br \/>\nEliminaci\u00f3n anam\u00f3rfica<\/p>\n<p>El Ninja V admite la eliminaci\u00f3n anam\u00f3rfica, lo que le permite ver c\u00f3modamente im\u00e1genes anam\u00f3rficas con una compresi\u00f3n de 2x, 1.5x, 1.33 y 8: 3 de Panasonic.<br \/>\nGrabaci\u00f3n lista para editar<\/p>\n<p>Las se\u00f1ales de video entrantes se pueden grabar en una amplia gama de c\u00f3decs Apple ProRes y Avid DNx que mantienen una alta calidad sin requerir el espacio de almacenamiento de video sin comprimir. Tanto ProRes como DNx son f\u00e1ciles de editar y no requieren conversi\u00f3n en posproducci\u00f3n para garantizar una reproducci\u00f3n fluida y compatibilidad con la mayor\u00eda de los programas de edici\u00f3n de video comunes.<br \/>\nM\u00f3dulos de expansi\u00f3n opcionales<\/p>\n<p>El Ninja V cuenta con un puerto de video bidireccional de alta velocidad junto con alimentaci\u00f3n y audio que permite el uso de los m\u00f3dulos AtomX Ethernet \/ NDI y SYNC junto con futuras versiones de m\u00f3dulos.<\/p>\n","protected":false},"excerpt":{"rendered":"<p>Monitor \/ grabador en c\u00e1mara de 5 &#8220;que graba y reproduce videos DCI 4K, UHD 4K y HD desde mini-SSD especialmente dise\u00f1ados.<\/p>\n","protected":false},"featured_media":3475,"comment_status":"open","ping_status":"closed","template":"","meta":{"site-sidebar-layout":"default","site-content-layout":"default","ast-site-content-layout":"default","site-content-style":"default","site-sidebar-style":"default","ast-global-header-display":"","ast-banner-title-visibility":"","ast-main-header-display":"","ast-hfb-above-header-display":"","ast-hfb-below-header-display":"","ast-hfb-mobile-header-display":"","site-post-title":"","ast-breadcrumbs-content":"","ast-featured-img":"","footer-sml-layout":"","ast-disable-related-posts":"","theme-transparent-header-meta":"default","adv-header-id-meta":"","stick-header-meta":"","header-above-stick-meta":"","header-main-stick-meta":"","header-below-stick-meta":"","astra-migrate-meta-layouts":"default","ast-page-background-enabled":"default","ast-page-background-meta":{"desktop":{"background-color":"var(--ast-global-color-4)","background-image":"","background-repeat":"repeat","background-position":"center center","background-size":"auto","background-attachment":"scroll","background-type":"","background-media":"","overlay-type":"","overlay-color":"","overlay-opacity":"","overlay-gradient":""},"tablet":{"background-color":"","background-image":"","background-repeat":"repeat","background-position":"center center","background-size":"auto","background-attachment":"scroll","background-type":"","background-media":"","overlay-type":"","overlay-color":"","overlay-opacity":"","overlay-gradient":""},"mobile":{"background-color":"","background-image":"","background-repeat":"repeat","background-position":"center center","background-size":"auto","background-attachment":"scroll","background-type":"","background-media":"","overlay-type":"","overlay-color":"","overlay-opacity":"","overlay-gradient":""}},"ast-content-background-meta":{"desktop":{"background-color":"var(--ast-global-color-5)","background-image":"","background-repeat":"repeat","background-position":"center center","background-size":"auto","background-attachment":"scroll","background-type":"","background-media":"","overlay-type":"","overlay-color":"","overlay-opacity":"","overlay-gradient":""},"tablet":{"background-color":"var(--ast-global-color-5)","background-image":"","background-repeat":"repeat","background-position":"center center","background-size":"auto","background-attachment":"scroll","background-type":"","background-media":"","overlay-type":"","overlay-color":"","overlay-opacity":"","overlay-gradient":""},"mobile":{"background-color":"var(--ast-global-color-5)","background-image":"","background-repeat":"repeat","background-position":"center center","background-size":"auto","background-attachment":"scroll","background-type":"","background-media":"","overlay-type":"","overlay-color":"","overlay-opacity":"","overlay-gradient":""}},"_themeisle_gutenberg_block_has_review":false},"product_brand":[],"product_cat":[92,78],"product_tag":[588,590,591,587,576],"class_list":{"0":"post-3474","1":"product","2":"type-product","3":"status-publish","4":"has-post-thumbnail","6":"product_cat-switchers-y-accesorios-para-cctv","7":"product_cat-video","8":"product_tag-atomos","9":"product_tag-atomos-monitor-de-video","10":"product_tag-capturadora-de-video","11":"product_tag-monitor-atomos","12":"product_tag-monitor-de-video","13":"desktop-align-center","14":"tablet-align-left","15":"mobile-align-left","17":"first","18":"instock","19":"purchasable","20":"product-type-simple"},"aioseo_notices":[],"jetpack_sharing_enabled":true,"_links":{"self":[{"href":"https:\/\/studio40shop.com.mx\/index.php?rest_route=\/wp\/v2\/product\/3474","targetHints":{"allow":["GET"]}}],"collection":[{"href":"https:\/\/studio40shop.com.mx\/index.php?rest_route=\/wp\/v2\/product"}],"about":[{"href":"https:\/\/studio40shop.com.mx\/index.php?rest_route=\/wp\/v2\/types\/product"}],"replies":[{"embeddable":true,"href":"https:\/\/studio40shop.com.mx\/index.php?rest_route=%2Fwp%2Fv2%2Fcomments&post=3474"}],"wp:featuredmedia":[{"embeddable":true,"href":"https:\/\/studio40shop.com.mx\/index.php?rest_route=\/wp\/v2\/media\/3475"}],"wp:attachment":[{"href":"https:\/\/studio40shop.com.mx\/index.php?rest_route=%2Fwp%2Fv2%2Fmedia&parent=3474"}],"wp:term":[{"taxonomy":"product_brand","embeddable":true,"href":"https:\/\/studio40shop.com.mx\/index.php?rest_route=%2Fwp%2Fv2%2Fproduct_brand&post=3474"},{"taxonomy":"product_cat","embeddable":true,"href":"https:\/\/studio40shop.com.mx\/index.php?rest_route=%2Fwp%2Fv2%2Fproduct_cat&post=3474"},{"taxonomy":"product_tag","embeddable":true,"href":"https:\/\/studio40shop.com.mx\/index.php?rest_route=%2Fwp%2Fv2%2Fproduct_tag&post=3474"}],"curies":[{"name":"wp","href":"https:\/\/api.w.org\/{rel}","templated":true}]}}