{"id":3976,"date":"2023-05-18T18:24:43","date_gmt":"2023-05-18T23:24:43","guid":{"rendered":"https:\/\/studio40shop.com.mx\/?post_type=product&#038;p=3976"},"modified":"2024-03-11T15:40:11","modified_gmt":"2024-03-11T20:40:11","slug":"tripie-a1-goliath-2","status":"publish","type":"product","link":"https:\/\/studio40shop.com.mx\/?product=tripie-a1-goliath-2","title":{"rendered":"Tripie A1 Goliath"},"content":{"rendered":"<ul>\n<li>Tr\u00edpode + cabezal de 3 v\u00edas<\/li>\n<li>Ampliar a 1020mm<\/li>\n<li>Nivel de burbuja integrado<\/li>\n<li>Giratorio horizontal de 360 \u00b0 y vertical de 90 \u00b0 con cabezal de 3 v\u00edas<\/li>\n<li>Patas de aluminio de 4 secciones<\/li>\n<li>Liberaci\u00f3n r\u00e1pida de la cerradura<\/li>\n<li>Pies de goma antideslizantes<\/li>\n<li>Agarre para ajustar la posici\u00f3n de la cabeza<\/li>\n<li>Ligero y port\u00e1til<\/li>\n<li>Cabezal de liberaci\u00f3n r\u00e1pida para una f\u00e1cil conexi\u00f3n a la c\u00e1mara o videoc\u00e1mara<\/li>\n<li>Compatible con todas las c\u00e1maras y videoc\u00e1maras<\/li>\n<li>Viene con bolsa de transporte<\/li>\n<li>Ideal para sesiones al aire libre, viajes y temporizador<\/li>\n<\/ul>\n","protected":false},"excerpt":{"rendered":"<p>Tr\u00edpode + cabezal de 3 v\u00edas Ampliar a 1020mm Nivel de burbuja integrado Giratorio horizontal de 360 \u00b0 y vertical de 90 \u00b0 con cabezal de 3 v\u00edas Patas de aluminio de 4 secciones Liberaci\u00f3n r\u00e1pida de la cerradura Pies de goma antideslizantes Agarre para ajustar la posici\u00f3n de la cabeza Ligero y port\u00e1til Cabezal [&hellip;]<\/p>\n","protected":false},"featured_media":3977,"comment_status":"open","ping_status":"closed","template":"","meta":{"site-sidebar-layout":"default","site-content-layout":"default","ast-site-content-layout":"default","site-content-style":"default","site-sidebar-style":"default","ast-global-header-display":"","ast-banner-title-visibility":"","ast-main-header-display":"","ast-hfb-above-header-display":"","ast-hfb-below-header-display":"","ast-hfb-mobile-header-display":"","site-post-title":"","ast-breadcrumbs-content":"","ast-featured-img":"","footer-sml-layout":"","ast-disable-related-posts":"","theme-transparent-header-meta":"default","adv-header-id-meta":"","stick-header-meta":"","header-above-stick-meta":"","header-main-stick-meta":"","header-below-stick-meta":"","astra-migrate-meta-layouts":"default","ast-page-background-enabled":"default","ast-page-background-meta":{"desktop":{"background-color":"var(--ast-global-color-4)","background-image":"","background-repeat":"repeat","background-position":"center center","background-size":"auto","background-attachment":"scroll","background-type":"","background-media":"","overlay-type":"","overlay-color":"","overlay-opacity":"","overlay-gradient":""},"tablet":{"background-color":"","background-image":"","background-repeat":"repeat","background-position":"center center","background-size":"auto","background-attachment":"scroll","background-type":"","background-media":"","overlay-type":"","overlay-color":"","overlay-opacity":"","overlay-gradient":""},"mobile":{"background-color":"","background-image":"","background-repeat":"repeat","background-position":"center center","background-size":"auto","background-attachment":"scroll","background-type":"","background-media":"","overlay-type":"","overlay-color":"","overlay-opacity":"","overlay-gradient":""}},"ast-content-background-meta":{"desktop":{"background-color":"var(--ast-global-color-5)","background-image":"","background-repeat":"repeat","background-position":"center center","background-size":"auto","background-attachment":"scroll","background-type":"","background-media":"","overlay-type":"","overlay-color":"","overlay-opacity":"","overlay-gradient":""},"tablet":{"background-color":"var(--ast-global-color-5)","background-image":"","background-repeat":"repeat","background-position":"center center","background-size":"auto","background-attachment":"scroll","background-type":"","background-media":"","overlay-type":"","overlay-color":"","overlay-opacity":"","overlay-gradient":""},"mobile":{"background-color":"var(--ast-global-color-5)","background-image":"","background-repeat":"repeat","background-position":"center center","background-size":"auto","background-attachment":"scroll","background-type":"","background-media":"","overlay-type":"","overlay-color":"","overlay-opacity":"","overlay-gradient":""}},"_themeisle_gutenberg_block_has_review":false},"product_brand":[],"product_cat":[111,84,101],"product_tag":[675,30,676,674,621,129],"class_list":{"0":"post-3976","1":"product","2":"type-product","3":"status-publish","4":"has-post-thumbnail","6":"product_cat-accesorios","7":"product_cat-fotografia","8":"product_cat-tripies-fotografia","9":"product_tag-3-ejes","10":"product_tag-canon","11":"product_tag-fotografia","12":"product_tag-goliath","13":"product_tag-nikon","14":"product_tag-tripie","15":"desktop-align-center","16":"tablet-align-left","17":"mobile-align-left","19":"first","20":"instock","21":"taxable","22":"shipping-taxable","23":"purchasable","24":"product-type-simple"},"aioseo_notices":[],"jetpack_sharing_enabled":true,"_links":{"self":[{"href":"https:\/\/studio40shop.com.mx\/index.php?rest_route=\/wp\/v2\/product\/3976","targetHints":{"allow":["GET"]}}],"collection":[{"href":"https:\/\/studio40shop.com.mx\/index.php?rest_route=\/wp\/v2\/product"}],"about":[{"href":"https:\/\/studio40shop.com.mx\/index.php?rest_route=\/wp\/v2\/types\/product"}],"replies":[{"embeddable":true,"href":"https:\/\/studio40shop.com.mx\/index.php?rest_route=%2Fwp%2Fv2%2Fcomments&post=3976"}],"wp:featuredmedia":[{"embeddable":true,"href":"https:\/\/studio40shop.com.mx\/index.php?rest_route=\/wp\/v2\/media\/3977"}],"wp:attachment":[{"href":"https:\/\/studio40shop.com.mx\/index.php?rest_route=%2Fwp%2Fv2%2Fmedia&parent=3976"}],"wp:term":[{"taxonomy":"product_brand","embeddable":true,"href":"https:\/\/studio40shop.com.mx\/index.php?rest_route=%2Fwp%2Fv2%2Fproduct_brand&post=3976"},{"taxonomy":"product_cat","embeddable":true,"href":"https:\/\/studio40shop.com.mx\/index.php?rest_route=%2Fwp%2Fv2%2Fproduct_cat&post=3976"},{"taxonomy":"product_tag","embeddable":true,"href":"https:\/\/studio40shop.com.mx\/index.php?rest_route=%2Fwp%2Fv2%2Fproduct_tag&post=3976"}],"curies":[{"name":"wp","href":"https:\/\/api.w.org\/{rel}","templated":true}]}}