{"id":4112,"date":"2023-06-26T14:46:38","date_gmt":"2023-06-26T19:46:38","guid":{"rendered":"https:\/\/studio40shop.com.mx\/?post_type=product&#038;p=4112"},"modified":"2024-03-02T13:06:20","modified_gmt":"2024-03-02T18:06:20","slug":"lampara-de-luz-led-amaran-cob-60x-aputure","status":"publish","type":"product","link":"https:\/\/studio40shop.com.mx\/?product=lampara-de-luz-led-amaran-cob-60x-aputure","title":{"rendered":"LAMPARA DE LUZ LED AMARAN COB 60X APUTURE"},"content":{"rendered":"<table class=\"t1\" cellspacing=\"0\" cellpadding=\"0\">\n<tbody>\n<tr>\n<td class=\"td1\" valign=\"top\">\n<p class=\"p2\">Su flexibilidad y el control son claves para el dise\u00f1o de esta l\u00e1mpara ultracompacta que mide solo 4.6 x 4.4 x 4.4&#8243; y ofrece una temperatura de color expansiva de <b>2700 a 6500K (Bicolor) <\/b>con una impresionante clasificaci\u00f3n CRI de 96. La luz es regulable de 0 a 100% sin parpadeo o cambio de color y cuenta con nueve efectos especiales incorporados. Los ajustes se pueden realizar localmente en la unidad o de forma inal\u00e1mbrica a distancia con su tel\u00e9fono inteligente y la aplicaci\u00f3n Sidus Link. Gracias a su fuente de alimentaci\u00f3n de 100 a 240 VCA con 60\u202fW es universal, aunque tambi\u00e9n puede funcionar con bater\u00edas NP-F o D-TAP cuando la alimentaci\u00f3n de CA no est\u00e1 disponible. Incluye reflector Met\u00e1lico.<\/p>\n<\/td>\n<\/tr>\n<\/tbody>\n<\/table>\n","protected":false},"excerpt":{"rendered":"<p>Su flexibilidad y el control son claves para el dise\u00f1o de esta l\u00e1mpara ultracompacta que mide solo 4.6 x 4.4 x 4.4&#8243; y ofrece una temperatura de color expansiva de <b>2700 a 6500K (Bicolor) <\/b>con una impresionante clasificaci\u00f3n CRI de 96. La luz es regulable de 0 a 100% sin parpadeo o cambio de color y cuenta con nueve efectos especiales incorporados. Los ajustes se pueden realizar localmente en la unidad o de forma inal\u00e1mbrica a distancia con su tel\u00e9fono inteligente y la aplicaci\u00f3n Sidus Link. Gracias a su fuente de alimentaci\u00f3n de 100 a 240 VCA con 60\u202fW es universal, aunque tambi\u00e9n puede funcionar con bater\u00edas NP-F o D-TAP cuando la alimentaci\u00f3n de CA no est\u00e1 disponible. Incluye reflector Met\u00e1lico.<\/p>\n","protected":false},"featured_media":4113,"comment_status":"open","ping_status":"closed","template":"","meta":{"site-sidebar-layout":"default","site-content-layout":"default","ast-site-content-layout":"default","site-content-style":"default","site-sidebar-style":"default","ast-global-header-display":"","ast-banner-title-visibility":"","ast-main-header-display":"","ast-hfb-above-header-display":"","ast-hfb-below-header-display":"","ast-hfb-mobile-header-display":"","site-post-title":"","ast-breadcrumbs-content":"","ast-featured-img":"","footer-sml-layout":"","ast-disable-related-posts":"","theme-transparent-header-meta":"default","adv-header-id-meta":"","stick-header-meta":"","header-above-stick-meta":"","header-main-stick-meta":"","header-below-stick-meta":"","astra-migrate-meta-layouts":"set","ast-page-background-enabled":"default","ast-page-background-meta":{"desktop":{"background-color":"var(--ast-global-color-4)","background-image":"","background-repeat":"repeat","background-position":"center center","background-size":"auto","background-attachment":"scroll","background-type":"","background-media":"","overlay-type":"","overlay-color":"","overlay-opacity":"","overlay-gradient":""},"tablet":{"background-color":"","background-image":"","background-repeat":"repeat","background-position":"center center","background-size":"auto","background-attachment":"scroll","background-type":"","background-media":"","overlay-type":"","overlay-color":"","overlay-opacity":"","overlay-gradient":""},"mobile":{"background-color":"","background-image":"","background-repeat":"repeat","background-position":"center center","background-size":"auto","background-attachment":"scroll","background-type":"","background-media":"","overlay-type":"","overlay-color":"","overlay-opacity":"","overlay-gradient":""}},"ast-content-background-meta":{"desktop":{"background-color":"var(--ast-global-color-5)","background-image":"","background-repeat":"repeat","background-position":"center center","background-size":"auto","background-attachment":"scroll","background-type":"","background-media":"","overlay-type":"","overlay-color":"","overlay-opacity":"","overlay-gradient":""},"tablet":{"background-color":"var(--ast-global-color-5)","background-image":"","background-repeat":"repeat","background-position":"center center","background-size":"auto","background-attachment":"scroll","background-type":"","background-media":"","overlay-type":"","overlay-color":"","overlay-opacity":"","overlay-gradient":""},"mobile":{"background-color":"var(--ast-global-color-5)","background-image":"","background-repeat":"repeat","background-position":"center center","background-size":"auto","background-attachment":"scroll","background-type":"","background-media":"","overlay-type":"","overlay-color":"","overlay-opacity":"","overlay-gradient":""}},"_themeisle_gutenberg_block_has_review":false},"product_brand":[],"product_cat":[111,103,84,88,104,109,105],"product_tag":[695,687,693],"class_list":{"0":"post-4112","1":"product","2":"type-product","3":"status-publish","4":"has-post-thumbnail","6":"product_cat-accesorios","7":"product_cat-flashes-de-estudio-y-speedlite","8":"product_cat-fotografia","9":"product_cat-iluminacion","10":"product_cat-kits-de-iluminacion","11":"product_cat-luz-continua","12":"product_cat-modificadores-de-luz","13":"product_tag-amaran-cob-60x","14":"product_tag-aputure","15":"product_tag-lampara-de-luz-led","16":"desktop-align-center","17":"tablet-align-left","18":"mobile-align-left","20":"first","21":"outofstock","22":"sale","23":"taxable","24":"shipping-taxable","25":"purchasable","26":"product-type-simple"},"aioseo_notices":[],"jetpack_sharing_enabled":true,"_links":{"self":[{"href":"https:\/\/studio40shop.com.mx\/index.php?rest_route=\/wp\/v2\/product\/4112","targetHints":{"allow":["GET"]}}],"collection":[{"href":"https:\/\/studio40shop.com.mx\/index.php?rest_route=\/wp\/v2\/product"}],"about":[{"href":"https:\/\/studio40shop.com.mx\/index.php?rest_route=\/wp\/v2\/types\/product"}],"replies":[{"embeddable":true,"href":"https:\/\/studio40shop.com.mx\/index.php?rest_route=%2Fwp%2Fv2%2Fcomments&post=4112"}],"wp:featuredmedia":[{"embeddable":true,"href":"https:\/\/studio40shop.com.mx\/index.php?rest_route=\/wp\/v2\/media\/4113"}],"wp:attachment":[{"href":"https:\/\/studio40shop.com.mx\/index.php?rest_route=%2Fwp%2Fv2%2Fmedia&parent=4112"}],"wp:term":[{"taxonomy":"product_brand","embeddable":true,"href":"https:\/\/studio40shop.com.mx\/index.php?rest_route=%2Fwp%2Fv2%2Fproduct_brand&post=4112"},{"taxonomy":"product_cat","embeddable":true,"href":"https:\/\/studio40shop.com.mx\/index.php?rest_route=%2Fwp%2Fv2%2Fproduct_cat&post=4112"},{"taxonomy":"product_tag","embeddable":true,"href":"https:\/\/studio40shop.com.mx\/index.php?rest_route=%2Fwp%2Fv2%2Fproduct_tag&post=4112"}],"curies":[{"name":"wp","href":"https:\/\/api.w.org\/{rel}","templated":true}]}}