{"id":4763,"date":"2024-03-11T13:57:11","date_gmt":"2024-03-11T18:57:11","guid":{"rendered":"https:\/\/studio40shop.com.mx\/?post_type=product&#038;p=4763"},"modified":"2024-03-11T14:03:17","modified_gmt":"2024-03-11T19:03:17","slug":"memoria-flash-sandisk-ultra-32gb-clase-10-con-adaptador","status":"publish","type":"product","link":"https:\/\/studio40shop.com.mx\/?product=memoria-flash-sandisk-ultra-32gb-clase-10-con-adaptador","title":{"rendered":"Memoria Flash SanDisk Ultra, 32GB Clase 10, con Adaptador"},"content":{"rendered":"<p>Captura Y Guarda A\u00fan M\u00e1s Horas De Videos Full HD2, Fotos Y M\u00fasica<br \/>\nCon una capacidad revolucionaria hasta 400 GB* m\u00e1s la clasificaci\u00f3n de velocidad clase 10, puedes grabar y almacenar incluso m\u00e1s horas de video Full HD2, fotos de alta calidad y otros archivos sin preocuparte de quedarte sin espacio.<br \/>\nVelocidades De Transferencia Hasta 100 MB\/S**<br \/>\nVelocidades de transferencia sorprendentes significa que puede mover el contenido r\u00e1pido, lo que le permite mover hasta 1200 fotograf\u00edas en un minuto6.<br \/>\nCarga Aplicaciones Con M\u00e1s Rapidez Gracias A Su Rendimiento Con Clasificaci\u00f3n A1<br \/>\nLa tarjeta SanDisk Ultra\u00ae microSD\u2122 con clasificaci\u00f3n A1 est\u00e1 optimizada para aplicaciones, por lo que ofrece un arranque m\u00e1s r\u00e1pido de las aplicaciones y un rendimiento que brinda una mejor experiencia con tu tel\u00e9fono inteligente1.<br \/>\nIdeal Para Tel\u00e9fonos Inteligentes Y Tabletas Android\u2122<br \/>\nLas tarjetas SanDisk\u00ae son compatibles con tel\u00e9fonos inteligentes y tabletas Android\u2122.<br \/>\nAplicaci\u00f3n SanDisk\u00ae Memory Zone Para Una Sencilla Administraci\u00f3n De Archivos<br \/>\nDisponible en la tienda Google Play\u2122, la aplicaci\u00f3n SanDisk Memory Zone le permite ver, acceder y respaldar los archivos de su tel\u00e9fono, todo desde un solo lugar. Puede mover archivos autom\u00e1ticamente desde el dispositivo hacia la tarjeta de memoria para liberar espacio5.<\/p>\n","protected":false},"excerpt":{"rendered":"<p style=\"margin: 0px; font-size: 21px; line-height: normal; font-family: 'Lucida Grande'; color: #333333;\">Memoria Flash SanDisk Ultra A1, 32GB MicroSDHC Clase 10, con Adaptador<\/p>\n","protected":false},"featured_media":4764,"comment_status":"open","ping_status":"closed","template":"","meta":{"site-sidebar-layout":"default","site-content-layout":"default","ast-site-content-layout":"default","site-content-style":"default","site-sidebar-style":"default","ast-global-header-display":"","ast-banner-title-visibility":"","ast-main-header-display":"","ast-hfb-above-header-display":"","ast-hfb-below-header-display":"","ast-hfb-mobile-header-display":"","site-post-title":"","ast-breadcrumbs-content":"","ast-featured-img":"","footer-sml-layout":"","ast-disable-related-posts":"","theme-transparent-header-meta":"default","adv-header-id-meta":"","stick-header-meta":"","header-above-stick-meta":"","header-main-stick-meta":"","header-below-stick-meta":"","astra-migrate-meta-layouts":"set","ast-page-background-enabled":"default","ast-page-background-meta":{"desktop":{"background-color":"var(--ast-global-color-4)","background-image":"","background-repeat":"repeat","background-position":"center center","background-size":"auto","background-attachment":"scroll","background-type":"","background-media":"","overlay-type":"","overlay-color":"","overlay-opacity":"","overlay-gradient":""},"tablet":{"background-color":"","background-image":"","background-repeat":"repeat","background-position":"center center","background-size":"auto","background-attachment":"scroll","background-type":"","background-media":"","overlay-type":"","overlay-color":"","overlay-opacity":"","overlay-gradient":""},"mobile":{"background-color":"","background-image":"","background-repeat":"repeat","background-position":"center center","background-size":"auto","background-attachment":"scroll","background-type":"","background-media":"","overlay-type":"","overlay-color":"","overlay-opacity":"","overlay-gradient":""}},"ast-content-background-meta":{"desktop":{"background-color":"var(--ast-global-color-5)","background-image":"","background-repeat":"repeat","background-position":"center center","background-size":"auto","background-attachment":"scroll","background-type":"","background-media":"","overlay-type":"","overlay-color":"","overlay-opacity":"","overlay-gradient":""},"tablet":{"background-color":"var(--ast-global-color-5)","background-image":"","background-repeat":"repeat","background-position":"center center","background-size":"auto","background-attachment":"scroll","background-type":"","background-media":"","overlay-type":"","overlay-color":"","overlay-opacity":"","overlay-gradient":""},"mobile":{"background-color":"var(--ast-global-color-5)","background-image":"","background-repeat":"repeat","background-position":"center center","background-size":"auto","background-attachment":"scroll","background-type":"","background-media":"","overlay-type":"","overlay-color":"","overlay-opacity":"","overlay-gradient":""}},"_themeisle_gutenberg_block_has_review":false},"product_brand":[],"product_cat":[113],"product_tag":[],"class_list":{"0":"post-4763","1":"product","2":"type-product","3":"status-publish","4":"has-post-thumbnail","6":"product_cat-memorias","7":"desktop-align-center","8":"tablet-align-left","9":"mobile-align-left","11":"first","12":"instock","13":"purchasable","14":"product-type-simple"},"aioseo_notices":[],"jetpack_sharing_enabled":true,"_links":{"self":[{"href":"https:\/\/studio40shop.com.mx\/index.php?rest_route=\/wp\/v2\/product\/4763","targetHints":{"allow":["GET"]}}],"collection":[{"href":"https:\/\/studio40shop.com.mx\/index.php?rest_route=\/wp\/v2\/product"}],"about":[{"href":"https:\/\/studio40shop.com.mx\/index.php?rest_route=\/wp\/v2\/types\/product"}],"replies":[{"embeddable":true,"href":"https:\/\/studio40shop.com.mx\/index.php?rest_route=%2Fwp%2Fv2%2Fcomments&post=4763"}],"wp:featuredmedia":[{"embeddable":true,"href":"https:\/\/studio40shop.com.mx\/index.php?rest_route=\/wp\/v2\/media\/4764"}],"wp:attachment":[{"href":"https:\/\/studio40shop.com.mx\/index.php?rest_route=%2Fwp%2Fv2%2Fmedia&parent=4763"}],"wp:term":[{"taxonomy":"product_brand","embeddable":true,"href":"https:\/\/studio40shop.com.mx\/index.php?rest_route=%2Fwp%2Fv2%2Fproduct_brand&post=4763"},{"taxonomy":"product_cat","embeddable":true,"href":"https:\/\/studio40shop.com.mx\/index.php?rest_route=%2Fwp%2Fv2%2Fproduct_cat&post=4763"},{"taxonomy":"product_tag","embeddable":true,"href":"https:\/\/studio40shop.com.mx\/index.php?rest_route=%2Fwp%2Fv2%2Fproduct_tag&post=4763"}],"curies":[{"name":"wp","href":"https:\/\/api.w.org\/{rel}","templated":true}]}}