{"id":4765,"date":"2024-03-11T14:12:59","date_gmt":"2024-03-11T19:12:59","guid":{"rendered":"https:\/\/studio40shop.com.mx\/?post_type=product&#038;p=4765"},"modified":"2024-07-10T12:54:56","modified_gmt":"2024-07-10T17:54:56","slug":"ugreen-extension-para-audifonos-3-5mm-a-3m-trrs","status":"publish","type":"product","link":"https:\/\/studio40shop.com.mx\/?product=ugreen-extension-para-audifonos-3-5mm-a-3m-trrs","title":{"rendered":"UGREEN EXTENSI\u00d3N PARA AUDIFONOS 3.5MM A 3M TRRS"},"content":{"rendered":"<ul class=\"a-unordered-list a-vertical a-spacing-mini\">\n<li class=\"a-spacing-mini\"><span class=\"a-list-item\">\u3010EXTENDA SU PUERTO AUXILIAR DE 3.5MM\u3011 El cable de extensi\u00f3n de audio Ugreen de 3.5mm extiende la conexi\u00f3n entre su iPhone, iPod, reproductores de MP3, auriculares, tableta o cualquier otro dispositivo equipado con puerto de 3.5 mm a sus auriculares, altavoces, est\u00e9reo de autom\u00f3vil o sistema de cine en casa, etc.<\/span><\/li>\n<li class=\"a-spacing-mini\"><span class=\"a-list-item\">\u3010PROTECT YOUR AUX PORT\u3011 This extension audio cable is a great solution to protect your 3.5mm aux port from repeat pluging and unpluging.<\/span><\/li>\n<li class=\"a-spacing-mini\"><span class=\"a-list-item\">\u3010COMPATIBILIDAD\u3011 El cable de audio de extensi\u00f3n auxiliar cumple con todos los dispositivos con puerto de audio de 3.5 mm, como Apple iPhone 6s \/ 6s Plus \/ 6\/6 Plus \/ SE \/ 5s \/ 5c \/ 5 \/ 4s \/ 4, iPod, iPad, iPad Pro \/ Air 2\/3 \/ Mini, Samsung Galaxy s2 \/ s3 \/ s4 \/ s5 \/ s6 \/ s6 Edge \/ s7 \/ s7 Edge, nota 2\/3\/4\/5, nota Edge, HTC M8 \/ M9, Android, Celular Google Nexus y tabletas, Microsoft Surface, parlantes port\u00e1tiles, auriculares, reproductores de MP3, receptores<\/span><\/li>\n<li class=\"a-spacing-mini\"><span class=\"a-list-item\">\u3010MATERIAL\u3011 El cobre libre de ox\u00edgeno proporciona la m\u00e1xima conductividad y durabilidad. Los conectores chapados en oro resisten la corrosi\u00f3n y garantizan una calidad de sonido \u00f3ptima. El dise\u00f1o descendente hace posible trabajar sin quitar la carcasa de su celular \/ tableta.<\/span><\/li>\n<li class=\"a-spacing-mini\"><span class=\"a-list-item\">\u3010Notas importantes\u3011 Si usa auriculares TRRS (4 conductores) con este cable de extensi\u00f3n, el audio funcionar\u00e1, pero el micr\u00f3fono no funcionar\u00e1. Tampoco funciona con el control de volumen en l\u00ednea en los auriculares.<\/span><\/li>\n<\/ul>\n","protected":false},"excerpt":{"rendered":"<p><span class=\"a-text-bold\">Cable jack alargador<\/span><\/p>\n<ul class=\"a-unordered-list a-vertical\">\n<li><span class=\"a-list-item\">Cable alargador le ofrece comodidad y espacio<\/span><\/li>\n<li><span class=\"a-list-item\">El ugreen cable alargador de audio macho a hembra se orienta a darle m\u00e1s alcance y libertad para conectar los dispositivos alejados entre s\u00ed, o bien proteger los jack 3.5mm puertos de los mismos contra los frecuentes enchufes y desenchufes.<\/span><\/li>\n<\/ul>\n<p>&nbsp;<\/p>\n<p><span class=\"a-text-bold\">Conector jack3.5mm Macho a Hembra<\/span><\/p>\n<ul class=\"a-unordered-list a-vertical\">\n<li><span class=\"a-list-item\">Su uso es bastante f\u00e1cil, s\u00f3lo con enchufar el conector macho al telefono a Smart TV, radio de coche, auriculares, altavoces,equipos Hi-Fi de hogar, iPod, reproductores de MP3 o cualquier otro dispositivo que quiere alargar.<\/span><\/li>\n<\/ul>\n<p><span class=\"a-text-bold\">Construcci\u00f3n duradera<\/span><\/p>\n<ul class=\"a-unordered-list a-vertical\">\n<li><span class=\"a-list-item\">Conectores chapado en oro de 24K : reduce la corrosi\u00f3n.<\/span><\/li>\n<li><span class=\"a-list-item\">Doble blindaje: evitar las interferencias.<\/span><\/li>\n<li><span class=\"a-list-item\">Cobre puro en el interior: aumenta la vida del cable.<\/span><\/li>\n<li><span class=\"a-list-item\">Note: El cable s\u00f3lo se transfiere el sonido. no son compatible con los funciones de auriculares, como Avanzar y Retroceder, Pausar o Reproducir .<\/span><\/li>\n<\/ul>\n<p><span class=\"a-text-bold\">Contenido del paquete<\/span><\/p>\n<ul class=\"a-unordered-list a-vertical\">\n<li><span class=\"a-list-item\">UGREEN Cable alargador de audio Jack 3.5mm Macho a hembra x 1<\/span><\/li>\n<\/ul>\n","protected":false},"featured_media":4766,"comment_status":"open","ping_status":"closed","template":"","meta":{"site-sidebar-layout":"default","site-content-layout":"","ast-site-content-layout":"default","site-content-style":"default","site-sidebar-style":"default","ast-global-header-display":"","ast-banner-title-visibility":"","ast-main-header-display":"","ast-hfb-above-header-display":"","ast-hfb-below-header-display":"","ast-hfb-mobile-header-display":"","site-post-title":"","ast-breadcrumbs-content":"","ast-featured-img":"","footer-sml-layout":"","ast-disable-related-posts":"","theme-transparent-header-meta":"default","adv-header-id-meta":"","stick-header-meta":"","header-above-stick-meta":"","header-main-stick-meta":"","header-below-stick-meta":"","astra-migrate-meta-layouts":"set","ast-page-background-enabled":"default","ast-page-background-meta":{"desktop":{"background-color":"var(--ast-global-color-4)","background-image":"","background-repeat":"repeat","background-position":"center center","background-size":"auto","background-attachment":"scroll","background-type":"","background-media":"","overlay-type":"","overlay-color":"","overlay-opacity":"","overlay-gradient":""},"tablet":{"background-color":"","background-image":"","background-repeat":"repeat","background-position":"center center","background-size":"auto","background-attachment":"scroll","background-type":"","background-media":"","overlay-type":"","overlay-color":"","overlay-opacity":"","overlay-gradient":""},"mobile":{"background-color":"","background-image":"","background-repeat":"repeat","background-position":"center center","background-size":"auto","background-attachment":"scroll","background-type":"","background-media":"","overlay-type":"","overlay-color":"","overlay-opacity":"","overlay-gradient":""}},"ast-content-background-meta":{"desktop":{"background-color":"var(--ast-global-color-5)","background-image":"","background-repeat":"repeat","background-position":"center center","background-size":"auto","background-attachment":"scroll","background-type":"","background-media":"","overlay-type":"","overlay-color":"","overlay-opacity":"","overlay-gradient":""},"tablet":{"background-color":"var(--ast-global-color-5)","background-image":"","background-repeat":"repeat","background-position":"center center","background-size":"auto","background-attachment":"scroll","background-type":"","background-media":"","overlay-type":"","overlay-color":"","overlay-opacity":"","overlay-gradient":""},"mobile":{"background-color":"var(--ast-global-color-5)","background-image":"","background-repeat":"repeat","background-position":"center center","background-size":"auto","background-attachment":"scroll","background-type":"","background-media":"","overlay-type":"","overlay-color":"","overlay-opacity":"","overlay-gradient":""}},"_themeisle_gutenberg_block_has_review":false},"product_brand":[],"product_cat":[93,81,95,89],"product_tag":[],"class_list":{"0":"post-4765","1":"product","2":"type-product","3":"status-publish","4":"has-post-thumbnail","6":"product_cat-audifonos","7":"product_cat-audio","8":"product_cat-cables-para-audio","9":"product_cat-cables-y-conectores","10":"desktop-align-center","11":"tablet-align-left","12":"mobile-align-left","14":"first","15":"outofstock","16":"taxable","17":"shipping-taxable","18":"purchasable","19":"product-type-simple"},"aioseo_notices":[],"jetpack_sharing_enabled":true,"_links":{"self":[{"href":"https:\/\/studio40shop.com.mx\/index.php?rest_route=\/wp\/v2\/product\/4765","targetHints":{"allow":["GET"]}}],"collection":[{"href":"https:\/\/studio40shop.com.mx\/index.php?rest_route=\/wp\/v2\/product"}],"about":[{"href":"https:\/\/studio40shop.com.mx\/index.php?rest_route=\/wp\/v2\/types\/product"}],"replies":[{"embeddable":true,"href":"https:\/\/studio40shop.com.mx\/index.php?rest_route=%2Fwp%2Fv2%2Fcomments&post=4765"}],"wp:featuredmedia":[{"embeddable":true,"href":"https:\/\/studio40shop.com.mx\/index.php?rest_route=\/wp\/v2\/media\/4766"}],"wp:attachment":[{"href":"https:\/\/studio40shop.com.mx\/index.php?rest_route=%2Fwp%2Fv2%2Fmedia&parent=4765"}],"wp:term":[{"taxonomy":"product_brand","embeddable":true,"href":"https:\/\/studio40shop.com.mx\/index.php?rest_route=%2Fwp%2Fv2%2Fproduct_brand&post=4765"},{"taxonomy":"product_cat","embeddable":true,"href":"https:\/\/studio40shop.com.mx\/index.php?rest_route=%2Fwp%2Fv2%2Fproduct_cat&post=4765"},{"taxonomy":"product_tag","embeddable":true,"href":"https:\/\/studio40shop.com.mx\/index.php?rest_route=%2Fwp%2Fv2%2Fproduct_tag&post=4765"}],"curies":[{"name":"wp","href":"https:\/\/api.w.org\/{rel}","templated":true}]}}